{"id":2495,"date":"2026-02-05T18:43:38","date_gmt":"2026-02-05T18:43:38","guid":{"rendered":"https:\/\/originalmag.ro\/?post_type=product&#038;p=2495"},"modified":"2026-02-05T18:45:09","modified_gmt":"2026-02-05T18:45:09","slug":"apa-de-parfum-eve-confidence-50ml","status":"publish","type":"product","link":"https:\/\/originalmag.ro\/?product=apa-de-parfum-eve-confidence-50ml","title":{"rendered":"Ap\u0103 de parfum Eve Confidence, 50ml"},"content":{"rendered":"<p>E\u0219ti \u00eentotdeauna \u00eencrez\u0103toare \u00een propriile for\u021be? Accentueaz\u0103 acest lucru cu apa de parfum Eve Confidence! Compozi\u021bia se deschide cu o arom\u0103 captivant\u0103 \u0219i \u00eendr\u0103znea\u021b\u0103 de floare de Frangipani \u0219i o dulcea\u021b\u0103 subtil\u0103 de par\u0103 \u0219i crem\u0103 Chantilly. Imediat dup\u0103 aceasta, vei sim\u021bi acorduri fructate tari, accentuate de o baz\u0103 cald\u0103 cu vanilie \u0219i mosc. Acesta este considerat unul dintre cele mai bune\u00a0<a href=\"https:\/\/www.avon.ro\/303-334\/parfumuri\/parfumuri-femei\">parfumuri de dama<\/a>.<\/p>\n<p>\u2022 Pentru: \u00eent\u00e2lniri importante \u0219i ocazii speciale<br \/>\n\u2022 Categorie: oriental-vanilat-lemnoas\u0103<br \/>\n\u2022 Note principale: floare de Frangipani, elixir de fructe ro\u0219ii, vanilie de Madagascar<br \/>\no Note de v\u00e2rf: floare de frangipani, pere dulci, crem\u0103 Chantilly<br \/>\no Note de mijloc: elixir de fructe ro\u0219ii, coac\u0103ze negre, iasomie indian\u0103<br \/>\no Note de baz\u0103: vanilie, stejar, mosc<\/p>\n<p>Inspira\u021bie<br \/>\n\u0218tiai c\u0103 floarea de Frangipani pe care o po\u021bi mirosi \u00een compozi\u021bia Eve Confidence este planta pe care o cunoa\u0219tem din colierele hawaiiene cu flori colorate purtate de locuitorii nativi pentru s\u0103rb\u0103torile importante ale familiei \u0219i \u00een vacan\u021be?<\/p>\n","protected":false},"excerpt":{"rendered":"<p>E\u0219ti \u00eentotdeauna \u00eencrez\u0103toare \u00een propriile for\u021be? Accentueaz\u0103 acest lucru cu apa de parfum Eve Confidence! Compozi\u021bia se deschide cu o<\/p>\n","protected":false},"featured_media":2496,"comment_status":"open","ping_status":"closed","template":"","meta":[],"product_brand":[184],"product_cat":[183,128],"product_tag":[],"class_list":{"0":"post-2495","1":"product","2":"type-product","3":"status-publish","4":"has-post-thumbnail","6":"product_brand-avon","7":"product_cat-parfum-dama","8":"product_cat-pentru-ea","10":"first","11":"instock","12":"sale","13":"shipping-taxable","14":"purchasable","15":"product-type-simple"},"yoast_head":"<!-- This site is optimized with the Yoast SEO plugin v27.0 - https:\/\/yoast.com\/product\/yoast-seo-wordpress\/ -->\n<title>Ap\u0103 de parfum Eve Confidence, 50ml - OriginalMag.ro<\/title>\n<meta name=\"robots\" content=\"index, follow, max-snippet:-1, max-image-preview:large, max-video-preview:-1\" \/>\n<link rel=\"canonical\" href=\"https:\/\/originalmag.ro\/?product=apa-de-parfum-eve-confidence-50ml\" \/>\n<meta property=\"og:locale\" content=\"ro_RO\" \/>\n<meta property=\"og:type\" content=\"article\" \/>\n<meta property=\"og:title\" content=\"Ap\u0103 de parfum Eve Confidence, 50ml - OriginalMag.ro\" \/>\n<meta property=\"og:description\" content=\"E\u0219ti \u00eentotdeauna \u00eencrez\u0103toare \u00een propriile for\u021be? Accentueaz\u0103 acest lucru cu apa de parfum Eve Confidence! Compozi\u021bia se deschide cu o\" \/>\n<meta property=\"og:url\" content=\"https:\/\/originalmag.ro\/?product=apa-de-parfum-eve-confidence-50ml\" \/>\n<meta property=\"og:site_name\" content=\"OriginalMag.ro\" \/>\n<meta property=\"article:modified_time\" content=\"2026-02-05T18:45:09+00:00\" \/>\n<meta property=\"og:image\" content=\"https:\/\/originalmag.ro\/wp-content\/uploads\/2026\/02\/eve-confidence___180910.jpg\" \/>\n\t<meta property=\"og:image:width\" content=\"450\" \/>\n\t<meta property=\"og:image:height\" content=\"377\" \/>\n\t<meta property=\"og:image:type\" content=\"image\/jpeg\" \/>\n<meta name=\"twitter:card\" content=\"summary_large_image\" \/>\n<meta name=\"twitter:label1\" content=\"Timp estimat pentru citire\" \/>\n\t<meta name=\"twitter:data1\" content=\"1 minut\" \/>\n<script type=\"application\/ld+json\" class=\"yoast-schema-graph\">{\"@context\":\"https:\/\/schema.org\",\"@graph\":[{\"@type\":\"WebPage\",\"@id\":\"https:\/\/originalmag.ro\/?product=apa-de-parfum-eve-confidence-50ml\",\"url\":\"https:\/\/originalmag.ro\/?product=apa-de-parfum-eve-confidence-50ml\",\"name\":\"Ap\u0103 de parfum Eve Confidence, 50ml - OriginalMag.ro\",\"isPartOf\":{\"@id\":\"https:\/\/originalmag.ro\/#website\"},\"primaryImageOfPage\":{\"@id\":\"https:\/\/originalmag.ro\/?product=apa-de-parfum-eve-confidence-50ml#primaryimage\"},\"image\":{\"@id\":\"https:\/\/originalmag.ro\/?product=apa-de-parfum-eve-confidence-50ml#primaryimage\"},\"thumbnailUrl\":\"https:\/\/originalmag.ro\/wp-content\/uploads\/2026\/02\/eve-confidence___180910.jpg\",\"datePublished\":\"2026-02-05T18:43:38+00:00\",\"dateModified\":\"2026-02-05T18:45:09+00:00\",\"breadcrumb\":{\"@id\":\"https:\/\/originalmag.ro\/?product=apa-de-parfum-eve-confidence-50ml#breadcrumb\"},\"inLanguage\":\"ro-RO\",\"potentialAction\":[{\"@type\":\"ReadAction\",\"target\":[\"https:\/\/originalmag.ro\/?product=apa-de-parfum-eve-confidence-50ml\"]}]},{\"@type\":\"ImageObject\",\"inLanguage\":\"ro-RO\",\"@id\":\"https:\/\/originalmag.ro\/?product=apa-de-parfum-eve-confidence-50ml#primaryimage\",\"url\":\"https:\/\/originalmag.ro\/wp-content\/uploads\/2026\/02\/eve-confidence___180910.jpg\",\"contentUrl\":\"https:\/\/originalmag.ro\/wp-content\/uploads\/2026\/02\/eve-confidence___180910.jpg\",\"width\":450,\"height\":377},{\"@type\":\"BreadcrumbList\",\"@id\":\"https:\/\/originalmag.ro\/?product=apa-de-parfum-eve-confidence-50ml#breadcrumb\",\"itemListElement\":[{\"@type\":\"ListItem\",\"position\":1,\"name\":\"Prima pagin\u0103\",\"item\":\"https:\/\/originalmag.ro\/\"},{\"@type\":\"ListItem\",\"position\":2,\"name\":\"Magazin\",\"item\":\"https:\/\/originalmag.ro\/?page_id=1419\"},{\"@type\":\"ListItem\",\"position\":3,\"name\":\"Ap\u0103 de parfum Eve Confidence, 50ml\"}]},{\"@type\":\"WebSite\",\"@id\":\"https:\/\/originalmag.ro\/#website\",\"url\":\"https:\/\/originalmag.ro\/\",\"name\":\"OriginalMag.ro\",\"description\":\"SECOND HAND ONLINE\",\"potentialAction\":[{\"@type\":\"SearchAction\",\"target\":{\"@type\":\"EntryPoint\",\"urlTemplate\":\"https:\/\/originalmag.ro\/?s={search_term_string}\"},\"query-input\":{\"@type\":\"PropertyValueSpecification\",\"valueRequired\":true,\"valueName\":\"search_term_string\"}}],\"inLanguage\":\"ro-RO\"}]}<\/script>\n<!-- \/ Yoast SEO plugin. -->","yoast_head_json":{"title":"Ap\u0103 de parfum Eve Confidence, 50ml - OriginalMag.ro","robots":{"index":"index","follow":"follow","max-snippet":"max-snippet:-1","max-image-preview":"max-image-preview:large","max-video-preview":"max-video-preview:-1"},"canonical":"https:\/\/originalmag.ro\/?product=apa-de-parfum-eve-confidence-50ml","og_locale":"ro_RO","og_type":"article","og_title":"Ap\u0103 de parfum Eve Confidence, 50ml - OriginalMag.ro","og_description":"E\u0219ti \u00eentotdeauna \u00eencrez\u0103toare \u00een propriile for\u021be? Accentueaz\u0103 acest lucru cu apa de parfum Eve Confidence! Compozi\u021bia se deschide cu o","og_url":"https:\/\/originalmag.ro\/?product=apa-de-parfum-eve-confidence-50ml","og_site_name":"OriginalMag.ro","article_modified_time":"2026-02-05T18:45:09+00:00","og_image":[{"width":450,"height":377,"url":"https:\/\/originalmag.ro\/wp-content\/uploads\/2026\/02\/eve-confidence___180910.jpg","type":"image\/jpeg"}],"twitter_card":"summary_large_image","twitter_misc":{"Timp estimat pentru citire":"1 minut"},"schema":{"@context":"https:\/\/schema.org","@graph":[{"@type":"WebPage","@id":"https:\/\/originalmag.ro\/?product=apa-de-parfum-eve-confidence-50ml","url":"https:\/\/originalmag.ro\/?product=apa-de-parfum-eve-confidence-50ml","name":"Ap\u0103 de parfum Eve Confidence, 50ml - OriginalMag.ro","isPartOf":{"@id":"https:\/\/originalmag.ro\/#website"},"primaryImageOfPage":{"@id":"https:\/\/originalmag.ro\/?product=apa-de-parfum-eve-confidence-50ml#primaryimage"},"image":{"@id":"https:\/\/originalmag.ro\/?product=apa-de-parfum-eve-confidence-50ml#primaryimage"},"thumbnailUrl":"https:\/\/originalmag.ro\/wp-content\/uploads\/2026\/02\/eve-confidence___180910.jpg","datePublished":"2026-02-05T18:43:38+00:00","dateModified":"2026-02-05T18:45:09+00:00","breadcrumb":{"@id":"https:\/\/originalmag.ro\/?product=apa-de-parfum-eve-confidence-50ml#breadcrumb"},"inLanguage":"ro-RO","potentialAction":[{"@type":"ReadAction","target":["https:\/\/originalmag.ro\/?product=apa-de-parfum-eve-confidence-50ml"]}]},{"@type":"ImageObject","inLanguage":"ro-RO","@id":"https:\/\/originalmag.ro\/?product=apa-de-parfum-eve-confidence-50ml#primaryimage","url":"https:\/\/originalmag.ro\/wp-content\/uploads\/2026\/02\/eve-confidence___180910.jpg","contentUrl":"https:\/\/originalmag.ro\/wp-content\/uploads\/2026\/02\/eve-confidence___180910.jpg","width":450,"height":377},{"@type":"BreadcrumbList","@id":"https:\/\/originalmag.ro\/?product=apa-de-parfum-eve-confidence-50ml#breadcrumb","itemListElement":[{"@type":"ListItem","position":1,"name":"Prima pagin\u0103","item":"https:\/\/originalmag.ro\/"},{"@type":"ListItem","position":2,"name":"Magazin","item":"https:\/\/originalmag.ro\/?page_id=1419"},{"@type":"ListItem","position":3,"name":"Ap\u0103 de parfum Eve Confidence, 50ml"}]},{"@type":"WebSite","@id":"https:\/\/originalmag.ro\/#website","url":"https:\/\/originalmag.ro\/","name":"OriginalMag.ro","description":"SECOND HAND ONLINE","potentialAction":[{"@type":"SearchAction","target":{"@type":"EntryPoint","urlTemplate":"https:\/\/originalmag.ro\/?s={search_term_string}"},"query-input":{"@type":"PropertyValueSpecification","valueRequired":true,"valueName":"search_term_string"}}],"inLanguage":"ro-RO"}]}},"jetpack_sharing_enabled":true,"_links":{"self":[{"href":"https:\/\/originalmag.ro\/index.php?rest_route=\/wp\/v2\/product\/2495","targetHints":{"allow":["GET"]}}],"collection":[{"href":"https:\/\/originalmag.ro\/index.php?rest_route=\/wp\/v2\/product"}],"about":[{"href":"https:\/\/originalmag.ro\/index.php?rest_route=\/wp\/v2\/types\/product"}],"replies":[{"embeddable":true,"href":"https:\/\/originalmag.ro\/index.php?rest_route=%2Fwp%2Fv2%2Fcomments&post=2495"}],"version-history":[{"count":1,"href":"https:\/\/originalmag.ro\/index.php?rest_route=\/wp\/v2\/product\/2495\/revisions"}],"predecessor-version":[{"id":2497,"href":"https:\/\/originalmag.ro\/index.php?rest_route=\/wp\/v2\/product\/2495\/revisions\/2497"}],"wp:featuredmedia":[{"embeddable":true,"href":"https:\/\/originalmag.ro\/index.php?rest_route=\/wp\/v2\/media\/2496"}],"wp:attachment":[{"href":"https:\/\/originalmag.ro\/index.php?rest_route=%2Fwp%2Fv2%2Fmedia&parent=2495"}],"wp:term":[{"taxonomy":"product_brand","embeddable":true,"href":"https:\/\/originalmag.ro\/index.php?rest_route=%2Fwp%2Fv2%2Fproduct_brand&post=2495"},{"taxonomy":"product_cat","embeddable":true,"href":"https:\/\/originalmag.ro\/index.php?rest_route=%2Fwp%2Fv2%2Fproduct_cat&post=2495"},{"taxonomy":"product_tag","embeddable":true,"href":"https:\/\/originalmag.ro\/index.php?rest_route=%2Fwp%2Fv2%2Fproduct_tag&post=2495"}],"curies":[{"name":"wp","href":"https:\/\/api.w.org\/{rel}","templated":true}]}}