{"id":2483,"date":"2026-02-05T17:40:17","date_gmt":"2026-02-05T17:40:17","guid":{"rendered":"https:\/\/originalmag.ro\/?post_type=product&#038;p=2483"},"modified":"2026-02-05T17:40:17","modified_gmt":"2026-02-05T17:40:17","slug":"apa-de-toaleta-avon-aspire-pentru-el","status":"publish","type":"product","link":"https:\/\/originalmag.ro\/?product=apa-de-toaleta-avon-aspire-pentru-el","title":{"rendered":"Ap\u0103 de toalet\u0103 Avon Aspire pentru El"},"content":{"rendered":"<div class=\"product-item-tabs active-tabs\">\n<p><strong>Brand:\u00a0<\/strong>Avon<br \/>\n<strong>Seria:\u00a0<\/strong>Aspire Man, Aspire Man 2016<br \/>\n<strong>Gama de produse:\u00a0<\/strong>Ap\u0103 de toalet\u0103<br \/>\n<strong>Clasificarea:\u00a0<\/strong>Mass Market<br \/>\n<strong>Volum:\u00a0<\/strong>75ml<br \/>\n<strong>\u021aara TM:\u00a0<\/strong>Statele Unite ale Americii<br \/>\n<strong>Precau\u021bii:\u00a0<\/strong>Evita\u0163i contactul cu ochii, Nu l\u0103sa\u0163i la \u00eendem\u00e2na copiilor, Nu utiliza\u0163i \u00een apropierea focului sau a substan\u0163elor u\u015for inflamabile, U\u015for inflamabil<br \/>\n<strong>Produs \u00een:\u00a0<\/strong>Polonia<br \/>\n<strong>Sex:\u00a0<\/strong>Pentru b\u0103rba\u0163i<br \/>\n<strong>Tipul de arom\u0103:\u00a0<\/strong>Citrice, Lemnoase, Proaspete<br \/>\n<strong>Nota de v\u00e2rf:\u00a0<\/strong>Bergamot\u0103, Frunze de ment\u0103, Piper<br \/>\n<strong>Nota de mijloc:\u00a0<\/strong>Ghimbir, Iasomie, Nuc\u015foar\u0103<br \/>\n<strong>Nota de baz\u0103:\u00a0<\/strong>Cedru, Lemn de santal, Patchouli, Santal<\/p>\n<\/div>\n","protected":false},"excerpt":{"rendered":"<p>Brand:\u00a0Avon Seria:\u00a0Aspire Man, Aspire Man 2016 Gama de produse:\u00a0Ap\u0103 de toalet\u0103 Clasificarea:\u00a0Mass Market Volum:\u00a075ml \u021aara TM:\u00a0Statele Unite ale Americii Precau\u021bii:\u00a0Evita\u0163i<\/p>\n","protected":false},"featured_media":2484,"comment_status":"open","ping_status":"closed","template":"","meta":[],"product_brand":[],"product_cat":[182],"product_tag":[],"class_list":{"0":"post-2483","1":"product","2":"type-product","3":"status-publish","4":"has-post-thumbnail","6":"product_cat-parfumuri-barbati","8":"first","9":"instock","10":"sale","11":"shipping-taxable","12":"purchasable","13":"product-type-simple"},"yoast_head":"<!-- This site is optimized with the Yoast SEO plugin v27.0 - https:\/\/yoast.com\/product\/yoast-seo-wordpress\/ -->\n<title>Ap\u0103 de toalet\u0103 Avon Aspire pentru El - OriginalMag.ro<\/title>\n<meta name=\"robots\" content=\"index, follow, max-snippet:-1, max-image-preview:large, max-video-preview:-1\" \/>\n<link rel=\"canonical\" href=\"https:\/\/originalmag.ro\/?product=apa-de-toaleta-avon-aspire-pentru-el\" \/>\n<meta property=\"og:locale\" content=\"ro_RO\" \/>\n<meta property=\"og:type\" content=\"article\" \/>\n<meta property=\"og:title\" content=\"Ap\u0103 de toalet\u0103 Avon Aspire pentru El - OriginalMag.ro\" \/>\n<meta property=\"og:description\" content=\"Brand:\u00a0Avon Seria:\u00a0Aspire Man, Aspire Man 2016 Gama de produse:\u00a0Ap\u0103 de toalet\u0103 Clasificarea:\u00a0Mass Market Volum:\u00a075ml \u021aara TM:\u00a0Statele Unite ale Americii Precau\u021bii:\u00a0Evita\u0163i\" \/>\n<meta property=\"og:url\" content=\"https:\/\/originalmag.ro\/?product=apa-de-toaleta-avon-aspire-pentru-el\" \/>\n<meta property=\"og:site_name\" content=\"OriginalMag.ro\" \/>\n<meta property=\"og:image\" content=\"https:\/\/originalmag.ro\/wp-content\/uploads\/2026\/02\/avon-aspire-man-186215157.jpeg\" \/>\n\t<meta property=\"og:image:width\" content=\"557\" \/>\n\t<meta property=\"og:image:height\" content=\"489\" \/>\n\t<meta property=\"og:image:type\" content=\"image\/jpeg\" \/>\n<meta name=\"twitter:card\" content=\"summary_large_image\" \/>\n<script type=\"application\/ld+json\" class=\"yoast-schema-graph\">{\"@context\":\"https:\/\/schema.org\",\"@graph\":[{\"@type\":\"WebPage\",\"@id\":\"https:\/\/originalmag.ro\/?product=apa-de-toaleta-avon-aspire-pentru-el\",\"url\":\"https:\/\/originalmag.ro\/?product=apa-de-toaleta-avon-aspire-pentru-el\",\"name\":\"Ap\u0103 de toalet\u0103 Avon Aspire pentru El - OriginalMag.ro\",\"isPartOf\":{\"@id\":\"https:\/\/originalmag.ro\/#website\"},\"primaryImageOfPage\":{\"@id\":\"https:\/\/originalmag.ro\/?product=apa-de-toaleta-avon-aspire-pentru-el#primaryimage\"},\"image\":{\"@id\":\"https:\/\/originalmag.ro\/?product=apa-de-toaleta-avon-aspire-pentru-el#primaryimage\"},\"thumbnailUrl\":\"https:\/\/originalmag.ro\/wp-content\/uploads\/2026\/02\/avon-aspire-man-186215157.jpeg\",\"datePublished\":\"2026-02-05T17:40:17+00:00\",\"breadcrumb\":{\"@id\":\"https:\/\/originalmag.ro\/?product=apa-de-toaleta-avon-aspire-pentru-el#breadcrumb\"},\"inLanguage\":\"ro-RO\",\"potentialAction\":[{\"@type\":\"ReadAction\",\"target\":[\"https:\/\/originalmag.ro\/?product=apa-de-toaleta-avon-aspire-pentru-el\"]}]},{\"@type\":\"ImageObject\",\"inLanguage\":\"ro-RO\",\"@id\":\"https:\/\/originalmag.ro\/?product=apa-de-toaleta-avon-aspire-pentru-el#primaryimage\",\"url\":\"https:\/\/originalmag.ro\/wp-content\/uploads\/2026\/02\/avon-aspire-man-186215157.jpeg\",\"contentUrl\":\"https:\/\/originalmag.ro\/wp-content\/uploads\/2026\/02\/avon-aspire-man-186215157.jpeg\",\"width\":557,\"height\":489},{\"@type\":\"BreadcrumbList\",\"@id\":\"https:\/\/originalmag.ro\/?product=apa-de-toaleta-avon-aspire-pentru-el#breadcrumb\",\"itemListElement\":[{\"@type\":\"ListItem\",\"position\":1,\"name\":\"Prima pagin\u0103\",\"item\":\"https:\/\/originalmag.ro\/\"},{\"@type\":\"ListItem\",\"position\":2,\"name\":\"Magazin\",\"item\":\"https:\/\/originalmag.ro\/?page_id=1419\"},{\"@type\":\"ListItem\",\"position\":3,\"name\":\"Ap\u0103 de toalet\u0103 Avon Aspire pentru El\"}]},{\"@type\":\"WebSite\",\"@id\":\"https:\/\/originalmag.ro\/#website\",\"url\":\"https:\/\/originalmag.ro\/\",\"name\":\"OriginalMag.ro\",\"description\":\"SECOND HAND ONLINE\",\"potentialAction\":[{\"@type\":\"SearchAction\",\"target\":{\"@type\":\"EntryPoint\",\"urlTemplate\":\"https:\/\/originalmag.ro\/?s={search_term_string}\"},\"query-input\":{\"@type\":\"PropertyValueSpecification\",\"valueRequired\":true,\"valueName\":\"search_term_string\"}}],\"inLanguage\":\"ro-RO\"}]}<\/script>\n<!-- \/ Yoast SEO plugin. -->","yoast_head_json":{"title":"Ap\u0103 de toalet\u0103 Avon Aspire pentru El - OriginalMag.ro","robots":{"index":"index","follow":"follow","max-snippet":"max-snippet:-1","max-image-preview":"max-image-preview:large","max-video-preview":"max-video-preview:-1"},"canonical":"https:\/\/originalmag.ro\/?product=apa-de-toaleta-avon-aspire-pentru-el","og_locale":"ro_RO","og_type":"article","og_title":"Ap\u0103 de toalet\u0103 Avon Aspire pentru El - OriginalMag.ro","og_description":"Brand:\u00a0Avon Seria:\u00a0Aspire Man, Aspire Man 2016 Gama de produse:\u00a0Ap\u0103 de toalet\u0103 Clasificarea:\u00a0Mass Market Volum:\u00a075ml \u021aara TM:\u00a0Statele Unite ale Americii Precau\u021bii:\u00a0Evita\u0163i","og_url":"https:\/\/originalmag.ro\/?product=apa-de-toaleta-avon-aspire-pentru-el","og_site_name":"OriginalMag.ro","og_image":[{"width":557,"height":489,"url":"https:\/\/originalmag.ro\/wp-content\/uploads\/2026\/02\/avon-aspire-man-186215157.jpeg","type":"image\/jpeg"}],"twitter_card":"summary_large_image","schema":{"@context":"https:\/\/schema.org","@graph":[{"@type":"WebPage","@id":"https:\/\/originalmag.ro\/?product=apa-de-toaleta-avon-aspire-pentru-el","url":"https:\/\/originalmag.ro\/?product=apa-de-toaleta-avon-aspire-pentru-el","name":"Ap\u0103 de toalet\u0103 Avon Aspire pentru El - OriginalMag.ro","isPartOf":{"@id":"https:\/\/originalmag.ro\/#website"},"primaryImageOfPage":{"@id":"https:\/\/originalmag.ro\/?product=apa-de-toaleta-avon-aspire-pentru-el#primaryimage"},"image":{"@id":"https:\/\/originalmag.ro\/?product=apa-de-toaleta-avon-aspire-pentru-el#primaryimage"},"thumbnailUrl":"https:\/\/originalmag.ro\/wp-content\/uploads\/2026\/02\/avon-aspire-man-186215157.jpeg","datePublished":"2026-02-05T17:40:17+00:00","breadcrumb":{"@id":"https:\/\/originalmag.ro\/?product=apa-de-toaleta-avon-aspire-pentru-el#breadcrumb"},"inLanguage":"ro-RO","potentialAction":[{"@type":"ReadAction","target":["https:\/\/originalmag.ro\/?product=apa-de-toaleta-avon-aspire-pentru-el"]}]},{"@type":"ImageObject","inLanguage":"ro-RO","@id":"https:\/\/originalmag.ro\/?product=apa-de-toaleta-avon-aspire-pentru-el#primaryimage","url":"https:\/\/originalmag.ro\/wp-content\/uploads\/2026\/02\/avon-aspire-man-186215157.jpeg","contentUrl":"https:\/\/originalmag.ro\/wp-content\/uploads\/2026\/02\/avon-aspire-man-186215157.jpeg","width":557,"height":489},{"@type":"BreadcrumbList","@id":"https:\/\/originalmag.ro\/?product=apa-de-toaleta-avon-aspire-pentru-el#breadcrumb","itemListElement":[{"@type":"ListItem","position":1,"name":"Prima pagin\u0103","item":"https:\/\/originalmag.ro\/"},{"@type":"ListItem","position":2,"name":"Magazin","item":"https:\/\/originalmag.ro\/?page_id=1419"},{"@type":"ListItem","position":3,"name":"Ap\u0103 de toalet\u0103 Avon Aspire pentru El"}]},{"@type":"WebSite","@id":"https:\/\/originalmag.ro\/#website","url":"https:\/\/originalmag.ro\/","name":"OriginalMag.ro","description":"SECOND HAND ONLINE","potentialAction":[{"@type":"SearchAction","target":{"@type":"EntryPoint","urlTemplate":"https:\/\/originalmag.ro\/?s={search_term_string}"},"query-input":{"@type":"PropertyValueSpecification","valueRequired":true,"valueName":"search_term_string"}}],"inLanguage":"ro-RO"}]}},"jetpack_sharing_enabled":true,"_links":{"self":[{"href":"https:\/\/originalmag.ro\/index.php?rest_route=\/wp\/v2\/product\/2483","targetHints":{"allow":["GET"]}}],"collection":[{"href":"https:\/\/originalmag.ro\/index.php?rest_route=\/wp\/v2\/product"}],"about":[{"href":"https:\/\/originalmag.ro\/index.php?rest_route=\/wp\/v2\/types\/product"}],"replies":[{"embeddable":true,"href":"https:\/\/originalmag.ro\/index.php?rest_route=%2Fwp%2Fv2%2Fcomments&post=2483"}],"version-history":[{"count":1,"href":"https:\/\/originalmag.ro\/index.php?rest_route=\/wp\/v2\/product\/2483\/revisions"}],"predecessor-version":[{"id":2485,"href":"https:\/\/originalmag.ro\/index.php?rest_route=\/wp\/v2\/product\/2483\/revisions\/2485"}],"wp:featuredmedia":[{"embeddable":true,"href":"https:\/\/originalmag.ro\/index.php?rest_route=\/wp\/v2\/media\/2484"}],"wp:attachment":[{"href":"https:\/\/originalmag.ro\/index.php?rest_route=%2Fwp%2Fv2%2Fmedia&parent=2483"}],"wp:term":[{"taxonomy":"product_brand","embeddable":true,"href":"https:\/\/originalmag.ro\/index.php?rest_route=%2Fwp%2Fv2%2Fproduct_brand&post=2483"},{"taxonomy":"product_cat","embeddable":true,"href":"https:\/\/originalmag.ro\/index.php?rest_route=%2Fwp%2Fv2%2Fproduct_cat&post=2483"},{"taxonomy":"product_tag","embeddable":true,"href":"https:\/\/originalmag.ro\/index.php?rest_route=%2Fwp%2Fv2%2Fproduct_tag&post=2483"}],"curies":[{"name":"wp","href":"https:\/\/api.w.org\/{rel}","templated":true}]}}