{"id":2009,"date":"2026-01-14T18:48:51","date_gmt":"2026-01-14T18:48:51","guid":{"rendered":"https:\/\/originalmag.ro\/?post_type=product&#038;p=2009"},"modified":"2026-01-18T19:28:48","modified_gmt":"2026-01-18T19:28:48","slug":"jacheta-fleece-premium-rwe","status":"publish","type":"product","link":"https:\/\/originalmag.ro\/?product=jacheta-fleece-premium-rwe","title":{"rendered":"Jachet\u0103 Fleece Eddye Bawer"},"content":{"rendered":"<blockquote><p>Jachet\u0103 Fleece Premium Eddye Bawer \u2013 Albastru Melanj<br \/>\n\u200bAceast\u0103 jachet\u0103 sportiv\u0103 cu fermoar este piesa ideal\u0103 pentru momentele c\u00e2nd ai nevoie de confort termic, f\u0103r\u0103 a sacrifica libertatea de mi\u0219care. Cu un design modern \u0219i o textur\u0103 melanj deosebit\u0103, este potrivit\u0103 at\u00e2t pentru activit\u0103\u021bi outdoor, c\u00e2t \u0219i pentru o \u021binut\u0103 casual de zi cu zi.<br \/>\n\u200bDetalii care fac diferen\u021ba:<br \/>\n\u200bMaterial de \u00eenalt\u0103 calitate: Textur\u0103 dens\u0103, tip fleece la interior, care men\u021bine c\u0103ldura corporal\u0103 \u0219i permite pielii s\u0103 respire.<br \/>\n\u200bDesign Func\u021bional: Dispune de un guler \u00eenalt pentru protec\u021bie \u00eempotriva v\u00e2ntului \u0219i buzunare laterale discrete, prev\u0103zute cu fermoar, pentru siguran\u021ba obiectelor personale.<br \/>\n\u200bCroial\u0103 Modern\u0103: Un croi de tip &#8222;regular fit&#8221; care se a\u0219az\u0103 bine pe corp, oferind un aspect \u00eengrijit \u0219i sportiv.<br \/>\n\u200bDurabilitate: Cus\u0103turi ranforsate \u0219i fermoare rezistente la utiliz\u0103ri repetate.<br \/>\n\u200bSpecifica\u021bii Tehnice:<br \/>\n\u200bCuloare: Albastru \u00eenchis melanj.<br \/>\n\u200b\u00cenchidere: Fermoar frontal complet (full-zip).<br \/>\n\u200bPersonalizare: Logo discret \u201eRWE\u201d brodat pe piept.<br \/>\n\u200bIdeal pentru: Hiking, plimb\u0103ri \u00een aer liber, lucru sau uz zilnic \u00een sezonul rece\/de tranzi\u021bie.<\/p><\/blockquote>\n","protected":false},"excerpt":{"rendered":"<p>Jachet\u0103 Fleece Premium Eddye Bawer \u2013 Albastru Melanj \u200bAceast\u0103 jachet\u0103 sportiv\u0103 cu fermoar este piesa ideal\u0103 pentru momentele c\u00e2nd ai<\/p>\n","protected":false},"featured_media":2012,"comment_status":"open","ping_status":"closed","template":"","meta":[],"product_brand":[118],"product_cat":[129,152,107,153],"product_tag":[],"class_list":{"0":"post-2009","1":"product","2":"type-product","3":"status-publish","4":"has-post-thumbnail","6":"product_brand-eddie-bawer","7":"product_cat-pentru-el","8":"product_cat-hanorace-pentru-el","9":"product_cat-hanorace-treninguri-2","10":"product_cat-treninguri-pentru-el","12":"first","13":"instock","14":"sale","15":"shipping-taxable","16":"purchasable","17":"product-type-simple"},"yoast_head":"<!-- This site is optimized with the Yoast SEO plugin v27.0 - https:\/\/yoast.com\/product\/yoast-seo-wordpress\/ -->\n<title>Jachet\u0103 Fleece Eddye Bawer - OriginalMag.ro<\/title>\n<meta name=\"robots\" content=\"index, follow, max-snippet:-1, max-image-preview:large, max-video-preview:-1\" \/>\n<link rel=\"canonical\" href=\"https:\/\/originalmag.ro\/?product=jacheta-fleece-premium-rwe\" \/>\n<meta property=\"og:locale\" content=\"ro_RO\" \/>\n<meta property=\"og:type\" content=\"article\" \/>\n<meta property=\"og:title\" content=\"Jachet\u0103 Fleece Eddye Bawer - OriginalMag.ro\" \/>\n<meta property=\"og:description\" content=\"Jachet\u0103 Fleece Premium Eddye Bawer \u2013 Albastru Melanj \u200bAceast\u0103 jachet\u0103 sportiv\u0103 cu fermoar este piesa ideal\u0103 pentru momentele c\u00e2nd ai\" \/>\n<meta property=\"og:url\" content=\"https:\/\/originalmag.ro\/?product=jacheta-fleece-premium-rwe\" \/>\n<meta property=\"og:site_name\" content=\"OriginalMag.ro\" \/>\n<meta property=\"article:modified_time\" content=\"2026-01-18T19:28:48+00:00\" \/>\n<meta property=\"og:image\" content=\"https:\/\/originalmag.ro\/wp-content\/uploads\/2026\/01\/WhatsApp-Image-2026-01-14-at-20.40.47.jpeg\" \/>\n\t<meta property=\"og:image:width\" content=\"864\" \/>\n\t<meta property=\"og:image:height\" content=\"1184\" \/>\n\t<meta property=\"og:image:type\" content=\"image\/jpeg\" \/>\n<meta name=\"twitter:card\" content=\"summary_large_image\" \/>\n<meta name=\"twitter:label1\" content=\"Timp estimat pentru citire\" \/>\n\t<meta name=\"twitter:data1\" content=\"1 minut\" \/>\n<script type=\"application\/ld+json\" class=\"yoast-schema-graph\">{\"@context\":\"https:\/\/schema.org\",\"@graph\":[{\"@type\":\"WebPage\",\"@id\":\"https:\/\/originalmag.ro\/?product=jacheta-fleece-premium-rwe\",\"url\":\"https:\/\/originalmag.ro\/?product=jacheta-fleece-premium-rwe\",\"name\":\"Jachet\u0103 Fleece Eddye Bawer - OriginalMag.ro\",\"isPartOf\":{\"@id\":\"https:\/\/originalmag.ro\/#website\"},\"primaryImageOfPage\":{\"@id\":\"https:\/\/originalmag.ro\/?product=jacheta-fleece-premium-rwe#primaryimage\"},\"image\":{\"@id\":\"https:\/\/originalmag.ro\/?product=jacheta-fleece-premium-rwe#primaryimage\"},\"thumbnailUrl\":\"https:\/\/originalmag.ro\/wp-content\/uploads\/2026\/01\/WhatsApp-Image-2026-01-14-at-20.40.47.jpeg\",\"datePublished\":\"2026-01-14T18:48:51+00:00\",\"dateModified\":\"2026-01-18T19:28:48+00:00\",\"breadcrumb\":{\"@id\":\"https:\/\/originalmag.ro\/?product=jacheta-fleece-premium-rwe#breadcrumb\"},\"inLanguage\":\"ro-RO\",\"potentialAction\":[{\"@type\":\"ReadAction\",\"target\":[\"https:\/\/originalmag.ro\/?product=jacheta-fleece-premium-rwe\"]}]},{\"@type\":\"ImageObject\",\"inLanguage\":\"ro-RO\",\"@id\":\"https:\/\/originalmag.ro\/?product=jacheta-fleece-premium-rwe#primaryimage\",\"url\":\"https:\/\/originalmag.ro\/wp-content\/uploads\/2026\/01\/WhatsApp-Image-2026-01-14-at-20.40.47.jpeg\",\"contentUrl\":\"https:\/\/originalmag.ro\/wp-content\/uploads\/2026\/01\/WhatsApp-Image-2026-01-14-at-20.40.47.jpeg\",\"width\":864,\"height\":1184},{\"@type\":\"BreadcrumbList\",\"@id\":\"https:\/\/originalmag.ro\/?product=jacheta-fleece-premium-rwe#breadcrumb\",\"itemListElement\":[{\"@type\":\"ListItem\",\"position\":1,\"name\":\"Prima pagin\u0103\",\"item\":\"https:\/\/originalmag.ro\/\"},{\"@type\":\"ListItem\",\"position\":2,\"name\":\"Magazin\",\"item\":\"https:\/\/originalmag.ro\/?page_id=1419\"},{\"@type\":\"ListItem\",\"position\":3,\"name\":\"Jachet\u0103 Fleece Eddye Bawer\"}]},{\"@type\":\"WebSite\",\"@id\":\"https:\/\/originalmag.ro\/#website\",\"url\":\"https:\/\/originalmag.ro\/\",\"name\":\"OriginalMag.ro\",\"description\":\"SECOND HAND ONLINE\",\"potentialAction\":[{\"@type\":\"SearchAction\",\"target\":{\"@type\":\"EntryPoint\",\"urlTemplate\":\"https:\/\/originalmag.ro\/?s={search_term_string}\"},\"query-input\":{\"@type\":\"PropertyValueSpecification\",\"valueRequired\":true,\"valueName\":\"search_term_string\"}}],\"inLanguage\":\"ro-RO\"}]}<\/script>\n<!-- \/ Yoast SEO plugin. -->","yoast_head_json":{"title":"Jachet\u0103 Fleece Eddye Bawer - OriginalMag.ro","robots":{"index":"index","follow":"follow","max-snippet":"max-snippet:-1","max-image-preview":"max-image-preview:large","max-video-preview":"max-video-preview:-1"},"canonical":"https:\/\/originalmag.ro\/?product=jacheta-fleece-premium-rwe","og_locale":"ro_RO","og_type":"article","og_title":"Jachet\u0103 Fleece Eddye Bawer - OriginalMag.ro","og_description":"Jachet\u0103 Fleece Premium Eddye Bawer \u2013 Albastru Melanj \u200bAceast\u0103 jachet\u0103 sportiv\u0103 cu fermoar este piesa ideal\u0103 pentru momentele c\u00e2nd ai","og_url":"https:\/\/originalmag.ro\/?product=jacheta-fleece-premium-rwe","og_site_name":"OriginalMag.ro","article_modified_time":"2026-01-18T19:28:48+00:00","og_image":[{"width":864,"height":1184,"url":"https:\/\/originalmag.ro\/wp-content\/uploads\/2026\/01\/WhatsApp-Image-2026-01-14-at-20.40.47.jpeg","type":"image\/jpeg"}],"twitter_card":"summary_large_image","twitter_misc":{"Timp estimat pentru citire":"1 minut"},"schema":{"@context":"https:\/\/schema.org","@graph":[{"@type":"WebPage","@id":"https:\/\/originalmag.ro\/?product=jacheta-fleece-premium-rwe","url":"https:\/\/originalmag.ro\/?product=jacheta-fleece-premium-rwe","name":"Jachet\u0103 Fleece Eddye Bawer - OriginalMag.ro","isPartOf":{"@id":"https:\/\/originalmag.ro\/#website"},"primaryImageOfPage":{"@id":"https:\/\/originalmag.ro\/?product=jacheta-fleece-premium-rwe#primaryimage"},"image":{"@id":"https:\/\/originalmag.ro\/?product=jacheta-fleece-premium-rwe#primaryimage"},"thumbnailUrl":"https:\/\/originalmag.ro\/wp-content\/uploads\/2026\/01\/WhatsApp-Image-2026-01-14-at-20.40.47.jpeg","datePublished":"2026-01-14T18:48:51+00:00","dateModified":"2026-01-18T19:28:48+00:00","breadcrumb":{"@id":"https:\/\/originalmag.ro\/?product=jacheta-fleece-premium-rwe#breadcrumb"},"inLanguage":"ro-RO","potentialAction":[{"@type":"ReadAction","target":["https:\/\/originalmag.ro\/?product=jacheta-fleece-premium-rwe"]}]},{"@type":"ImageObject","inLanguage":"ro-RO","@id":"https:\/\/originalmag.ro\/?product=jacheta-fleece-premium-rwe#primaryimage","url":"https:\/\/originalmag.ro\/wp-content\/uploads\/2026\/01\/WhatsApp-Image-2026-01-14-at-20.40.47.jpeg","contentUrl":"https:\/\/originalmag.ro\/wp-content\/uploads\/2026\/01\/WhatsApp-Image-2026-01-14-at-20.40.47.jpeg","width":864,"height":1184},{"@type":"BreadcrumbList","@id":"https:\/\/originalmag.ro\/?product=jacheta-fleece-premium-rwe#breadcrumb","itemListElement":[{"@type":"ListItem","position":1,"name":"Prima pagin\u0103","item":"https:\/\/originalmag.ro\/"},{"@type":"ListItem","position":2,"name":"Magazin","item":"https:\/\/originalmag.ro\/?page_id=1419"},{"@type":"ListItem","position":3,"name":"Jachet\u0103 Fleece Eddye Bawer"}]},{"@type":"WebSite","@id":"https:\/\/originalmag.ro\/#website","url":"https:\/\/originalmag.ro\/","name":"OriginalMag.ro","description":"SECOND HAND ONLINE","potentialAction":[{"@type":"SearchAction","target":{"@type":"EntryPoint","urlTemplate":"https:\/\/originalmag.ro\/?s={search_term_string}"},"query-input":{"@type":"PropertyValueSpecification","valueRequired":true,"valueName":"search_term_string"}}],"inLanguage":"ro-RO"}]}},"jetpack_sharing_enabled":true,"_links":{"self":[{"href":"https:\/\/originalmag.ro\/index.php?rest_route=\/wp\/v2\/product\/2009","targetHints":{"allow":["GET"]}}],"collection":[{"href":"https:\/\/originalmag.ro\/index.php?rest_route=\/wp\/v2\/product"}],"about":[{"href":"https:\/\/originalmag.ro\/index.php?rest_route=\/wp\/v2\/types\/product"}],"replies":[{"embeddable":true,"href":"https:\/\/originalmag.ro\/index.php?rest_route=%2Fwp%2Fv2%2Fcomments&post=2009"}],"version-history":[{"count":3,"href":"https:\/\/originalmag.ro\/index.php?rest_route=\/wp\/v2\/product\/2009\/revisions"}],"predecessor-version":[{"id":2097,"href":"https:\/\/originalmag.ro\/index.php?rest_route=\/wp\/v2\/product\/2009\/revisions\/2097"}],"wp:featuredmedia":[{"embeddable":true,"href":"https:\/\/originalmag.ro\/index.php?rest_route=\/wp\/v2\/media\/2012"}],"wp:attachment":[{"href":"https:\/\/originalmag.ro\/index.php?rest_route=%2Fwp%2Fv2%2Fmedia&parent=2009"}],"wp:term":[{"taxonomy":"product_brand","embeddable":true,"href":"https:\/\/originalmag.ro\/index.php?rest_route=%2Fwp%2Fv2%2Fproduct_brand&post=2009"},{"taxonomy":"product_cat","embeddable":true,"href":"https:\/\/originalmag.ro\/index.php?rest_route=%2Fwp%2Fv2%2Fproduct_cat&post=2009"},{"taxonomy":"product_tag","embeddable":true,"href":"https:\/\/originalmag.ro\/index.php?rest_route=%2Fwp%2Fv2%2Fproduct_tag&post=2009"}],"curies":[{"name":"wp","href":"https:\/\/api.w.org\/{rel}","templated":true}]}}