{"id":1947,"date":"2026-01-14T16:38:24","date_gmt":"2026-01-14T16:38:24","guid":{"rendered":"https:\/\/originalmag.ro\/?post_type=product&#038;p=1947"},"modified":"2026-01-18T19:08:06","modified_gmt":"2026-01-18T19:08:06","slug":"geaca-barbati-f-o-g-by-london-fog","status":"publish","type":"product","link":"https:\/\/originalmag.ro\/?product=geaca-barbati-f-o-g-by-london-fog","title":{"rendered":"Geac\u0103 b\u0103rba\u021bi F.O.G by London Fog"},"content":{"rendered":"<p>Geac\u0103 b\u0103rba\u021bi F.O.G by London Fog \u2013 Neagr\u0103<br \/>\nGeac\u0103 de b\u0103rba\u021bi F.O.G by London Fog, ideal\u0103 pentru sezonul rece, cu un design clasic \u0219i elegant, u\u0219or de asortat at\u00e2t la \u021binute casual, c\u00e2t \u0219i la cele de zi cu zi. Este realizat\u0103 din materiale rezistente, oferind confort termic \u0219i protec\u021bie \u00eempotriva frigului \u0219i v\u00e2ntului.<br \/>\nModelul are croial\u0103 dreapt\u0103, guler \u00eenalt pentru protec\u021bie suplimentar\u0103 \u0219i \u00eenchidere frontal\u0103 cu fermoar. Dispune de buzunare laterale cu fermoar, practice \u0219i sigure pentru obiecte personale. Culoarea neagr\u0103 \u00eei confer\u0103 un aspect modern \u0219i versatil.<br \/>\nCaracteristici:<br \/>\nBrand: F.O.G by London Fog<br \/>\nCuloare: Negru<br \/>\nStil: Casual \/ Urban<br \/>\n\u00cenchidere: Fermoar<br \/>\nBuzunare laterale cu fermoar<br \/>\nMaterial rezistent \u0219i c\u0103lduros<br \/>\nPotrivit\u0103 pentru toamn\u0103 \u0219i iarn\u0103<br \/>\nPerfect\u0103 pentru b\u0103rba\u021bii care caut\u0103 o geac\u0103 comod\u0103, practic\u0103 \u0219i elegant\u0103, la un raport foarte bun calitate\u2013pre\u021b.<\/p>\n","protected":false},"excerpt":{"rendered":"<p>Geac\u0103 b\u0103rba\u021bi F.O.G by London Fog \u2013 Neagr\u0103 Geac\u0103 de b\u0103rba\u021bi F.O.G by London Fog, ideal\u0103 pentru sezonul rece, cu<\/p>\n","protected":false},"featured_media":1948,"comment_status":"open","ping_status":"closed","template":"","meta":[],"product_brand":[117],"product_cat":[154,106],"product_tag":[],"class_list":{"0":"post-1947","1":"product","2":"type-product","3":"status-publish","4":"has-post-thumbnail","6":"product_brand-f-o-g-by-london-fog","7":"product_cat-geci-pentru-el","8":"product_cat-geci-paltoane-sacouri-2","10":"first","11":"instock","12":"shipping-taxable","13":"purchasable","14":"product-type-variable"},"yoast_head":"<!-- This site is optimized with the Yoast SEO plugin v27.0 - https:\/\/yoast.com\/product\/yoast-seo-wordpress\/ -->\n<title>Geac\u0103 b\u0103rba\u021bi F.O.G by London Fog - OriginalMag.ro<\/title>\n<meta name=\"robots\" content=\"index, follow, max-snippet:-1, max-image-preview:large, max-video-preview:-1\" \/>\n<link rel=\"canonical\" href=\"https:\/\/originalmag.ro\/?product=geaca-barbati-f-o-g-by-london-fog\" \/>\n<meta property=\"og:locale\" content=\"ro_RO\" \/>\n<meta property=\"og:type\" content=\"article\" \/>\n<meta property=\"og:title\" content=\"Geac\u0103 b\u0103rba\u021bi F.O.G by London Fog - OriginalMag.ro\" \/>\n<meta property=\"og:description\" content=\"Geac\u0103 b\u0103rba\u021bi F.O.G by London Fog \u2013 Neagr\u0103 Geac\u0103 de b\u0103rba\u021bi F.O.G by London Fog, ideal\u0103 pentru sezonul rece, cu\" \/>\n<meta property=\"og:url\" content=\"https:\/\/originalmag.ro\/?product=geaca-barbati-f-o-g-by-london-fog\" \/>\n<meta property=\"og:site_name\" content=\"OriginalMag.ro\" \/>\n<meta property=\"article:modified_time\" content=\"2026-01-18T19:08:06+00:00\" \/>\n<meta property=\"og:image\" content=\"https:\/\/originalmag.ro\/wp-content\/uploads\/2026\/01\/FOG1.jpeg\" \/>\n\t<meta property=\"og:image:width\" content=\"1024\" \/>\n\t<meta property=\"og:image:height\" content=\"1536\" \/>\n\t<meta property=\"og:image:type\" content=\"image\/jpeg\" \/>\n<meta name=\"twitter:card\" content=\"summary_large_image\" \/>\n<meta name=\"twitter:label1\" content=\"Timp estimat pentru citire\" \/>\n\t<meta name=\"twitter:data1\" content=\"1 minut\" \/>\n<script type=\"application\/ld+json\" class=\"yoast-schema-graph\">{\"@context\":\"https:\/\/schema.org\",\"@graph\":[{\"@type\":\"WebPage\",\"@id\":\"https:\/\/originalmag.ro\/?product=geaca-barbati-f-o-g-by-london-fog\",\"url\":\"https:\/\/originalmag.ro\/?product=geaca-barbati-f-o-g-by-london-fog\",\"name\":\"Geac\u0103 b\u0103rba\u021bi F.O.G by London Fog - OriginalMag.ro\",\"isPartOf\":{\"@id\":\"https:\/\/originalmag.ro\/#website\"},\"primaryImageOfPage\":{\"@id\":\"https:\/\/originalmag.ro\/?product=geaca-barbati-f-o-g-by-london-fog#primaryimage\"},\"image\":{\"@id\":\"https:\/\/originalmag.ro\/?product=geaca-barbati-f-o-g-by-london-fog#primaryimage\"},\"thumbnailUrl\":\"https:\/\/originalmag.ro\/wp-content\/uploads\/2026\/01\/FOG1.jpeg\",\"datePublished\":\"2026-01-14T16:38:24+00:00\",\"dateModified\":\"2026-01-18T19:08:06+00:00\",\"breadcrumb\":{\"@id\":\"https:\/\/originalmag.ro\/?product=geaca-barbati-f-o-g-by-london-fog#breadcrumb\"},\"inLanguage\":\"ro-RO\",\"potentialAction\":[{\"@type\":\"ReadAction\",\"target\":[\"https:\/\/originalmag.ro\/?product=geaca-barbati-f-o-g-by-london-fog\"]}]},{\"@type\":\"ImageObject\",\"inLanguage\":\"ro-RO\",\"@id\":\"https:\/\/originalmag.ro\/?product=geaca-barbati-f-o-g-by-london-fog#primaryimage\",\"url\":\"https:\/\/originalmag.ro\/wp-content\/uploads\/2026\/01\/FOG1.jpeg\",\"contentUrl\":\"https:\/\/originalmag.ro\/wp-content\/uploads\/2026\/01\/FOG1.jpeg\",\"width\":1024,\"height\":1536},{\"@type\":\"BreadcrumbList\",\"@id\":\"https:\/\/originalmag.ro\/?product=geaca-barbati-f-o-g-by-london-fog#breadcrumb\",\"itemListElement\":[{\"@type\":\"ListItem\",\"position\":1,\"name\":\"Prima pagin\u0103\",\"item\":\"https:\/\/originalmag.ro\/\"},{\"@type\":\"ListItem\",\"position\":2,\"name\":\"Magazin\",\"item\":\"https:\/\/originalmag.ro\/?page_id=1419\"},{\"@type\":\"ListItem\",\"position\":3,\"name\":\"Geac\u0103 b\u0103rba\u021bi F.O.G by London Fog\"}]},{\"@type\":\"WebSite\",\"@id\":\"https:\/\/originalmag.ro\/#website\",\"url\":\"https:\/\/originalmag.ro\/\",\"name\":\"OriginalMag.ro\",\"description\":\"SECOND HAND ONLINE\",\"potentialAction\":[{\"@type\":\"SearchAction\",\"target\":{\"@type\":\"EntryPoint\",\"urlTemplate\":\"https:\/\/originalmag.ro\/?s={search_term_string}\"},\"query-input\":{\"@type\":\"PropertyValueSpecification\",\"valueRequired\":true,\"valueName\":\"search_term_string\"}}],\"inLanguage\":\"ro-RO\"}]}<\/script>\n<!-- \/ Yoast SEO plugin. -->","yoast_head_json":{"title":"Geac\u0103 b\u0103rba\u021bi F.O.G by London Fog - OriginalMag.ro","robots":{"index":"index","follow":"follow","max-snippet":"max-snippet:-1","max-image-preview":"max-image-preview:large","max-video-preview":"max-video-preview:-1"},"canonical":"https:\/\/originalmag.ro\/?product=geaca-barbati-f-o-g-by-london-fog","og_locale":"ro_RO","og_type":"article","og_title":"Geac\u0103 b\u0103rba\u021bi F.O.G by London Fog - OriginalMag.ro","og_description":"Geac\u0103 b\u0103rba\u021bi F.O.G by London Fog \u2013 Neagr\u0103 Geac\u0103 de b\u0103rba\u021bi F.O.G by London Fog, ideal\u0103 pentru sezonul rece, cu","og_url":"https:\/\/originalmag.ro\/?product=geaca-barbati-f-o-g-by-london-fog","og_site_name":"OriginalMag.ro","article_modified_time":"2026-01-18T19:08:06+00:00","og_image":[{"width":1024,"height":1536,"url":"https:\/\/originalmag.ro\/wp-content\/uploads\/2026\/01\/FOG1.jpeg","type":"image\/jpeg"}],"twitter_card":"summary_large_image","twitter_misc":{"Timp estimat pentru citire":"1 minut"},"schema":{"@context":"https:\/\/schema.org","@graph":[{"@type":"WebPage","@id":"https:\/\/originalmag.ro\/?product=geaca-barbati-f-o-g-by-london-fog","url":"https:\/\/originalmag.ro\/?product=geaca-barbati-f-o-g-by-london-fog","name":"Geac\u0103 b\u0103rba\u021bi F.O.G by London Fog - OriginalMag.ro","isPartOf":{"@id":"https:\/\/originalmag.ro\/#website"},"primaryImageOfPage":{"@id":"https:\/\/originalmag.ro\/?product=geaca-barbati-f-o-g-by-london-fog#primaryimage"},"image":{"@id":"https:\/\/originalmag.ro\/?product=geaca-barbati-f-o-g-by-london-fog#primaryimage"},"thumbnailUrl":"https:\/\/originalmag.ro\/wp-content\/uploads\/2026\/01\/FOG1.jpeg","datePublished":"2026-01-14T16:38:24+00:00","dateModified":"2026-01-18T19:08:06+00:00","breadcrumb":{"@id":"https:\/\/originalmag.ro\/?product=geaca-barbati-f-o-g-by-london-fog#breadcrumb"},"inLanguage":"ro-RO","potentialAction":[{"@type":"ReadAction","target":["https:\/\/originalmag.ro\/?product=geaca-barbati-f-o-g-by-london-fog"]}]},{"@type":"ImageObject","inLanguage":"ro-RO","@id":"https:\/\/originalmag.ro\/?product=geaca-barbati-f-o-g-by-london-fog#primaryimage","url":"https:\/\/originalmag.ro\/wp-content\/uploads\/2026\/01\/FOG1.jpeg","contentUrl":"https:\/\/originalmag.ro\/wp-content\/uploads\/2026\/01\/FOG1.jpeg","width":1024,"height":1536},{"@type":"BreadcrumbList","@id":"https:\/\/originalmag.ro\/?product=geaca-barbati-f-o-g-by-london-fog#breadcrumb","itemListElement":[{"@type":"ListItem","position":1,"name":"Prima pagin\u0103","item":"https:\/\/originalmag.ro\/"},{"@type":"ListItem","position":2,"name":"Magazin","item":"https:\/\/originalmag.ro\/?page_id=1419"},{"@type":"ListItem","position":3,"name":"Geac\u0103 b\u0103rba\u021bi F.O.G by London Fog"}]},{"@type":"WebSite","@id":"https:\/\/originalmag.ro\/#website","url":"https:\/\/originalmag.ro\/","name":"OriginalMag.ro","description":"SECOND HAND ONLINE","potentialAction":[{"@type":"SearchAction","target":{"@type":"EntryPoint","urlTemplate":"https:\/\/originalmag.ro\/?s={search_term_string}"},"query-input":{"@type":"PropertyValueSpecification","valueRequired":true,"valueName":"search_term_string"}}],"inLanguage":"ro-RO"}]}},"jetpack_sharing_enabled":true,"_links":{"self":[{"href":"https:\/\/originalmag.ro\/index.php?rest_route=\/wp\/v2\/product\/1947","targetHints":{"allow":["GET"]}}],"collection":[{"href":"https:\/\/originalmag.ro\/index.php?rest_route=\/wp\/v2\/product"}],"about":[{"href":"https:\/\/originalmag.ro\/index.php?rest_route=\/wp\/v2\/types\/product"}],"replies":[{"embeddable":true,"href":"https:\/\/originalmag.ro\/index.php?rest_route=%2Fwp%2Fv2%2Fcomments&post=1947"}],"version-history":[{"count":1,"href":"https:\/\/originalmag.ro\/index.php?rest_route=\/wp\/v2\/product\/1947\/revisions"}],"predecessor-version":[{"id":1954,"href":"https:\/\/originalmag.ro\/index.php?rest_route=\/wp\/v2\/product\/1947\/revisions\/1954"}],"wp:featuredmedia":[{"embeddable":true,"href":"https:\/\/originalmag.ro\/index.php?rest_route=\/wp\/v2\/media\/1948"}],"wp:attachment":[{"href":"https:\/\/originalmag.ro\/index.php?rest_route=%2Fwp%2Fv2%2Fmedia&parent=1947"}],"wp:term":[{"taxonomy":"product_brand","embeddable":true,"href":"https:\/\/originalmag.ro\/index.php?rest_route=%2Fwp%2Fv2%2Fproduct_brand&post=1947"},{"taxonomy":"product_cat","embeddable":true,"href":"https:\/\/originalmag.ro\/index.php?rest_route=%2Fwp%2Fv2%2Fproduct_cat&post=1947"},{"taxonomy":"product_tag","embeddable":true,"href":"https:\/\/originalmag.ro\/index.php?rest_route=%2Fwp%2Fv2%2Fproduct_tag&post=1947"}],"curies":[{"name":"wp","href":"https:\/\/api.w.org\/{rel}","templated":true}]}}