{"id":1920,"date":"2026-01-14T15:21:00","date_gmt":"2026-01-14T15:21:00","guid":{"rendered":"https:\/\/originalmag.ro\/?post_type=product&#038;p=1920"},"modified":"2026-01-14T15:21:00","modified_gmt":"2026-01-14T15:21:00","slug":"1920","status":"publish","type":"product","link":"https:\/\/originalmag.ro\/?product=1920","title":{"rendered":""},"content":{"rendered":"<p>Bluza sport, cu un design modern \u0219i func\u021bional, ideal\u0103 pentru activit\u0103\u021bi sportive sau purtare casual. Are o culoare predominant neagr\u0103, completat\u0103 de inser\u021bii albe pe laterale \u0219i pe m\u00e2neci, care ofer\u0103 un contrast pl\u0103cut \u0219i un aspect dinamic.<br \/>\nEste realizat\u0103 dintr-un material tehnic, u\u0219or \u0219i elastic, ce permite libertate de mi\u0219care \u0219i respirabilitate. Croiala este slim, urm\u0103rind linia corpului f\u0103r\u0103 a fi inconfortabil\u0103. Gulerul este u\u0219or ridicat, cu fermoar scurt \u00een partea frontal\u0103, oferind protec\u021bie suplimentar\u0103 \u0219i posibilitatea de ajustare.<br \/>\n\u00cen partea din fa\u021b\u0103 se reg\u0103sesc logo-ul Nike \u0219i emblema \u201eVirginia USYS\u201d, care \u00eei confer\u0103 un aer autentic, specific echipamentelor sportive profesionale. M\u00e2necile lungi \u0219i finisajele simple fac aceast\u0103 bluz\u0103 potrivit\u0103 at\u00e2t pentru antrenamente, c\u00e2t \u0219i pentru \u021binute casual-sport.<br \/>\nPer ansamblu, este o pies\u0103 practic\u0103, confortabil\u0103 \u0219i stilat\u0103, perfect\u0103 pentru persoanele active sau pentru cei care prefer\u0103 un look sportiv, curat \u0219i modern.<\/p>\n","protected":false},"excerpt":{"rendered":"<p>Bluza sport, cu un design modern \u0219i func\u021bional, ideal\u0103 pentru activit\u0103\u021bi sportive sau purtare casual. Are o culoare predominant neagr\u0103,<\/p>\n","protected":false},"featured_media":1924,"comment_status":"open","ping_status":"closed","template":"","meta":[],"product_brand":[59],"product_cat":[114],"product_tag":[],"class_list":{"0":"post-1920","1":"product","2":"type-product","3":"status-publish","4":"has-post-thumbnail","6":"product_brand-nike","7":"product_cat-bluza-camesi","9":"first","10":"instock","11":"shipping-taxable","12":"purchasable","13":"product-type-variable"},"yoast_head":"<!-- This site is optimized with the Yoast SEO plugin v27.0 - https:\/\/yoast.com\/product\/yoast-seo-wordpress\/ -->\n<title>- OriginalMag.ro<\/title>\n<meta name=\"robots\" content=\"index, follow, max-snippet:-1, max-image-preview:large, max-video-preview:-1\" \/>\n<link rel=\"canonical\" href=\"https:\/\/originalmag.ro\/?product=1920\" \/>\n<meta property=\"og:locale\" content=\"ro_RO\" \/>\n<meta property=\"og:type\" content=\"article\" \/>\n<meta property=\"og:title\" content=\"- OriginalMag.ro\" \/>\n<meta property=\"og:description\" content=\"Bluza sport, cu un design modern \u0219i func\u021bional, ideal\u0103 pentru activit\u0103\u021bi sportive sau purtare casual. Are o culoare predominant neagr\u0103,\" \/>\n<meta property=\"og:url\" content=\"https:\/\/originalmag.ro\/?product=1920\" \/>\n<meta property=\"og:site_name\" content=\"OriginalMag.ro\" \/>\n<meta property=\"og:image\" content=\"https:\/\/originalmag.ro\/wp-content\/uploads\/2026\/01\/WhatsApp-Image-2026-01-14-at-17.15.00.jpeg\" \/>\n\t<meta property=\"og:image:width\" content=\"1024\" \/>\n\t<meta property=\"og:image:height\" content=\"1536\" \/>\n\t<meta property=\"og:image:type\" content=\"image\/jpeg\" \/>\n<meta name=\"twitter:card\" content=\"summary_large_image\" \/>\n<meta name=\"twitter:label1\" content=\"Timp estimat pentru citire\" \/>\n\t<meta name=\"twitter:data1\" content=\"1 minut\" \/>\n<script type=\"application\/ld+json\" class=\"yoast-schema-graph\">{\"@context\":\"https:\/\/schema.org\",\"@graph\":[{\"@type\":\"WebPage\",\"@id\":\"https:\/\/originalmag.ro\/?product=1920\",\"url\":\"https:\/\/originalmag.ro\/?product=1920\",\"name\":\"- OriginalMag.ro\",\"isPartOf\":{\"@id\":\"https:\/\/originalmag.ro\/#website\"},\"primaryImageOfPage\":{\"@id\":\"https:\/\/originalmag.ro\/?product=1920#primaryimage\"},\"image\":{\"@id\":\"https:\/\/originalmag.ro\/?product=1920#primaryimage\"},\"thumbnailUrl\":\"https:\/\/originalmag.ro\/wp-content\/uploads\/2026\/01\/WhatsApp-Image-2026-01-14-at-17.15.00.jpeg\",\"datePublished\":\"2026-01-14T15:21:00+00:00\",\"breadcrumb\":{\"@id\":\"https:\/\/originalmag.ro\/?product=1920#breadcrumb\"},\"inLanguage\":\"ro-RO\",\"potentialAction\":[{\"@type\":\"ReadAction\",\"target\":[\"https:\/\/originalmag.ro\/?product=1920\"]}]},{\"@type\":\"ImageObject\",\"inLanguage\":\"ro-RO\",\"@id\":\"https:\/\/originalmag.ro\/?product=1920#primaryimage\",\"url\":\"https:\/\/originalmag.ro\/wp-content\/uploads\/2026\/01\/WhatsApp-Image-2026-01-14-at-17.15.00.jpeg\",\"contentUrl\":\"https:\/\/originalmag.ro\/wp-content\/uploads\/2026\/01\/WhatsApp-Image-2026-01-14-at-17.15.00.jpeg\",\"width\":1024,\"height\":1536},{\"@type\":\"BreadcrumbList\",\"@id\":\"https:\/\/originalmag.ro\/?product=1920#breadcrumb\",\"itemListElement\":[{\"@type\":\"ListItem\",\"position\":1,\"name\":\"Prima pagin\u0103\",\"item\":\"https:\/\/originalmag.ro\/\"},{\"@type\":\"ListItem\",\"position\":2,\"name\":\"Magazin\",\"item\":\"https:\/\/originalmag.ro\/?page_id=1419\"}]},{\"@type\":\"WebSite\",\"@id\":\"https:\/\/originalmag.ro\/#website\",\"url\":\"https:\/\/originalmag.ro\/\",\"name\":\"OriginalMag.ro\",\"description\":\"SECOND HAND ONLINE\",\"potentialAction\":[{\"@type\":\"SearchAction\",\"target\":{\"@type\":\"EntryPoint\",\"urlTemplate\":\"https:\/\/originalmag.ro\/?s={search_term_string}\"},\"query-input\":{\"@type\":\"PropertyValueSpecification\",\"valueRequired\":true,\"valueName\":\"search_term_string\"}}],\"inLanguage\":\"ro-RO\"}]}<\/script>\n<!-- \/ Yoast SEO plugin. -->","yoast_head_json":{"title":"- OriginalMag.ro","robots":{"index":"index","follow":"follow","max-snippet":"max-snippet:-1","max-image-preview":"max-image-preview:large","max-video-preview":"max-video-preview:-1"},"canonical":"https:\/\/originalmag.ro\/?product=1920","og_locale":"ro_RO","og_type":"article","og_title":"- OriginalMag.ro","og_description":"Bluza sport, cu un design modern \u0219i func\u021bional, ideal\u0103 pentru activit\u0103\u021bi sportive sau purtare casual. Are o culoare predominant neagr\u0103,","og_url":"https:\/\/originalmag.ro\/?product=1920","og_site_name":"OriginalMag.ro","og_image":[{"width":1024,"height":1536,"url":"https:\/\/originalmag.ro\/wp-content\/uploads\/2026\/01\/WhatsApp-Image-2026-01-14-at-17.15.00.jpeg","type":"image\/jpeg"}],"twitter_card":"summary_large_image","twitter_misc":{"Timp estimat pentru citire":"1 minut"},"schema":{"@context":"https:\/\/schema.org","@graph":[{"@type":"WebPage","@id":"https:\/\/originalmag.ro\/?product=1920","url":"https:\/\/originalmag.ro\/?product=1920","name":"- OriginalMag.ro","isPartOf":{"@id":"https:\/\/originalmag.ro\/#website"},"primaryImageOfPage":{"@id":"https:\/\/originalmag.ro\/?product=1920#primaryimage"},"image":{"@id":"https:\/\/originalmag.ro\/?product=1920#primaryimage"},"thumbnailUrl":"https:\/\/originalmag.ro\/wp-content\/uploads\/2026\/01\/WhatsApp-Image-2026-01-14-at-17.15.00.jpeg","datePublished":"2026-01-14T15:21:00+00:00","breadcrumb":{"@id":"https:\/\/originalmag.ro\/?product=1920#breadcrumb"},"inLanguage":"ro-RO","potentialAction":[{"@type":"ReadAction","target":["https:\/\/originalmag.ro\/?product=1920"]}]},{"@type":"ImageObject","inLanguage":"ro-RO","@id":"https:\/\/originalmag.ro\/?product=1920#primaryimage","url":"https:\/\/originalmag.ro\/wp-content\/uploads\/2026\/01\/WhatsApp-Image-2026-01-14-at-17.15.00.jpeg","contentUrl":"https:\/\/originalmag.ro\/wp-content\/uploads\/2026\/01\/WhatsApp-Image-2026-01-14-at-17.15.00.jpeg","width":1024,"height":1536},{"@type":"BreadcrumbList","@id":"https:\/\/originalmag.ro\/?product=1920#breadcrumb","itemListElement":[{"@type":"ListItem","position":1,"name":"Prima pagin\u0103","item":"https:\/\/originalmag.ro\/"},{"@type":"ListItem","position":2,"name":"Magazin","item":"https:\/\/originalmag.ro\/?page_id=1419"}]},{"@type":"WebSite","@id":"https:\/\/originalmag.ro\/#website","url":"https:\/\/originalmag.ro\/","name":"OriginalMag.ro","description":"SECOND HAND ONLINE","potentialAction":[{"@type":"SearchAction","target":{"@type":"EntryPoint","urlTemplate":"https:\/\/originalmag.ro\/?s={search_term_string}"},"query-input":{"@type":"PropertyValueSpecification","valueRequired":true,"valueName":"search_term_string"}}],"inLanguage":"ro-RO"}]}},"jetpack_sharing_enabled":true,"_links":{"self":[{"href":"https:\/\/originalmag.ro\/index.php?rest_route=\/wp\/v2\/product\/1920","targetHints":{"allow":["GET"]}}],"collection":[{"href":"https:\/\/originalmag.ro\/index.php?rest_route=\/wp\/v2\/product"}],"about":[{"href":"https:\/\/originalmag.ro\/index.php?rest_route=\/wp\/v2\/types\/product"}],"replies":[{"embeddable":true,"href":"https:\/\/originalmag.ro\/index.php?rest_route=%2Fwp%2Fv2%2Fcomments&post=1920"}],"version-history":[{"count":1,"href":"https:\/\/originalmag.ro\/index.php?rest_route=\/wp\/v2\/product\/1920\/revisions"}],"predecessor-version":[{"id":1926,"href":"https:\/\/originalmag.ro\/index.php?rest_route=\/wp\/v2\/product\/1920\/revisions\/1926"}],"wp:featuredmedia":[{"embeddable":true,"href":"https:\/\/originalmag.ro\/index.php?rest_route=\/wp\/v2\/media\/1924"}],"wp:attachment":[{"href":"https:\/\/originalmag.ro\/index.php?rest_route=%2Fwp%2Fv2%2Fmedia&parent=1920"}],"wp:term":[{"taxonomy":"product_brand","embeddable":true,"href":"https:\/\/originalmag.ro\/index.php?rest_route=%2Fwp%2Fv2%2Fproduct_brand&post=1920"},{"taxonomy":"product_cat","embeddable":true,"href":"https:\/\/originalmag.ro\/index.php?rest_route=%2Fwp%2Fv2%2Fproduct_cat&post=1920"},{"taxonomy":"product_tag","embeddable":true,"href":"https:\/\/originalmag.ro\/index.php?rest_route=%2Fwp%2Fv2%2Fproduct_tag&post=1920"}],"curies":[{"name":"wp","href":"https:\/\/api.w.org\/{rel}","templated":true}]}}