{"id":1912,"date":"2026-01-14T15:09:04","date_gmt":"2026-01-14T15:09:04","guid":{"rendered":"https:\/\/originalmag.ro\/?post_type=product&#038;p=1912"},"modified":"2026-01-14T15:09:04","modified_gmt":"2026-01-14T15:09:04","slug":"vesta-i-b-difuzion","status":"publish","type":"product","link":"https:\/\/originalmag.ro\/?product=vesta-i-b-difuzion","title":{"rendered":"Vesta I.B.Difuzion"},"content":{"rendered":"<p>Vesta este una casual-elegant\u0103, cu un design delicat \u0219i feminin. Are o culoare crem deschis spre galben (un galben spalacit), decorat\u0103 uniform cu buline mici negre, care \u00eei ofer\u0103 un aspect juc\u0103u\u0219, dar rafinat. Materialul este matlasat, ceea ce o face potrivit\u0103 pentru zilele mai r\u0103coroase de prim\u0103var\u0103 sau toamn\u0103, oferind confort \u0219i c\u0103ldur\u0103 f\u0103r\u0103 a fi voluminoas\u0103.<br \/>\nCroiala este dreapt\u0103, u\u0219or cambrat\u0103, eviden\u021biind silueta f\u0103r\u0103 a fi str\u00e2mt\u0103. Gulerul este \u00eenalt, ideal pentru protec\u021bie \u00eempotriva v\u00e2ntului, iar \u00eenchiderea se face cu fermoar pe toat\u0103 lungimea, \u00eentr-o nuan\u021b\u0103 apropiat\u0103 de culoarea vestei. Vesta este f\u0103r\u0103 m\u00e2neci \u0219i are buzunare laterale practice, perfecte pentru un plus de func\u021bionalitate.<br \/>\nAsortat\u0103 cu o bluz\u0103 sau un pulover simplu, vesta creeaz\u0103 o \u021binut\u0103 modern\u0103, lejer\u0103 \u0219i versatil\u0103, potrivit\u0103 at\u00e2t pentru plimb\u0103ri \u00een aer liber, c\u00e2t \u0219i pentru activit\u0103\u021bi de zi cu zi.<\/p>\n","protected":false},"excerpt":{"rendered":"<p>Vesta este una casual-elegant\u0103, cu un design delicat \u0219i feminin. Are o culoare crem deschis spre galben (un galben spalacit),<\/p>\n","protected":false},"featured_media":1913,"comment_status":"open","ping_status":"closed","template":"","meta":[],"product_brand":[],"product_cat":[26],"product_tag":[],"class_list":{"0":"post-1912","1":"product","2":"type-product","3":"status-publish","4":"has-post-thumbnail","6":"product_cat-geci-paltoane-sacouri","8":"first","9":"instock","10":"shipping-taxable","11":"purchasable","12":"product-type-variable"},"yoast_head":"<!-- This site is optimized with the Yoast SEO plugin v27.0 - https:\/\/yoast.com\/product\/yoast-seo-wordpress\/ -->\n<title>Vesta I.B.Difuzion - OriginalMag.ro<\/title>\n<meta name=\"robots\" content=\"index, follow, max-snippet:-1, max-image-preview:large, max-video-preview:-1\" \/>\n<link rel=\"canonical\" href=\"https:\/\/originalmag.ro\/?product=vesta-i-b-difuzion\" \/>\n<meta property=\"og:locale\" content=\"ro_RO\" \/>\n<meta property=\"og:type\" content=\"article\" \/>\n<meta property=\"og:title\" content=\"Vesta I.B.Difuzion - OriginalMag.ro\" \/>\n<meta property=\"og:description\" content=\"Vesta este una casual-elegant\u0103, cu un design delicat \u0219i feminin. Are o culoare crem deschis spre galben (un galben spalacit),\" \/>\n<meta property=\"og:url\" content=\"https:\/\/originalmag.ro\/?product=vesta-i-b-difuzion\" \/>\n<meta property=\"og:site_name\" content=\"OriginalMag.ro\" \/>\n<meta property=\"og:image\" content=\"https:\/\/originalmag.ro\/wp-content\/uploads\/2026\/01\/vesta-2.jpeg\" \/>\n\t<meta property=\"og:image:width\" content=\"1024\" \/>\n\t<meta property=\"og:image:height\" content=\"1536\" \/>\n\t<meta property=\"og:image:type\" content=\"image\/jpeg\" \/>\n<meta name=\"twitter:card\" content=\"summary_large_image\" \/>\n<meta name=\"twitter:label1\" content=\"Timp estimat pentru citire\" \/>\n\t<meta name=\"twitter:data1\" content=\"1 minut\" \/>\n<script type=\"application\/ld+json\" class=\"yoast-schema-graph\">{\"@context\":\"https:\/\/schema.org\",\"@graph\":[{\"@type\":\"WebPage\",\"@id\":\"https:\/\/originalmag.ro\/?product=vesta-i-b-difuzion\",\"url\":\"https:\/\/originalmag.ro\/?product=vesta-i-b-difuzion\",\"name\":\"Vesta I.B.Difuzion - OriginalMag.ro\",\"isPartOf\":{\"@id\":\"https:\/\/originalmag.ro\/#website\"},\"primaryImageOfPage\":{\"@id\":\"https:\/\/originalmag.ro\/?product=vesta-i-b-difuzion#primaryimage\"},\"image\":{\"@id\":\"https:\/\/originalmag.ro\/?product=vesta-i-b-difuzion#primaryimage\"},\"thumbnailUrl\":\"https:\/\/originalmag.ro\/wp-content\/uploads\/2026\/01\/vesta-2.jpeg\",\"datePublished\":\"2026-01-14T15:09:04+00:00\",\"breadcrumb\":{\"@id\":\"https:\/\/originalmag.ro\/?product=vesta-i-b-difuzion#breadcrumb\"},\"inLanguage\":\"ro-RO\",\"potentialAction\":[{\"@type\":\"ReadAction\",\"target\":[\"https:\/\/originalmag.ro\/?product=vesta-i-b-difuzion\"]}]},{\"@type\":\"ImageObject\",\"inLanguage\":\"ro-RO\",\"@id\":\"https:\/\/originalmag.ro\/?product=vesta-i-b-difuzion#primaryimage\",\"url\":\"https:\/\/originalmag.ro\/wp-content\/uploads\/2026\/01\/vesta-2.jpeg\",\"contentUrl\":\"https:\/\/originalmag.ro\/wp-content\/uploads\/2026\/01\/vesta-2.jpeg\",\"width\":1024,\"height\":1536},{\"@type\":\"BreadcrumbList\",\"@id\":\"https:\/\/originalmag.ro\/?product=vesta-i-b-difuzion#breadcrumb\",\"itemListElement\":[{\"@type\":\"ListItem\",\"position\":1,\"name\":\"Prima pagin\u0103\",\"item\":\"https:\/\/originalmag.ro\/\"},{\"@type\":\"ListItem\",\"position\":2,\"name\":\"Magazin\",\"item\":\"https:\/\/originalmag.ro\/?page_id=1419\"},{\"@type\":\"ListItem\",\"position\":3,\"name\":\"Vesta I.B.Difuzion\"}]},{\"@type\":\"WebSite\",\"@id\":\"https:\/\/originalmag.ro\/#website\",\"url\":\"https:\/\/originalmag.ro\/\",\"name\":\"OriginalMag.ro\",\"description\":\"SECOND HAND ONLINE\",\"potentialAction\":[{\"@type\":\"SearchAction\",\"target\":{\"@type\":\"EntryPoint\",\"urlTemplate\":\"https:\/\/originalmag.ro\/?s={search_term_string}\"},\"query-input\":{\"@type\":\"PropertyValueSpecification\",\"valueRequired\":true,\"valueName\":\"search_term_string\"}}],\"inLanguage\":\"ro-RO\"}]}<\/script>\n<!-- \/ Yoast SEO plugin. -->","yoast_head_json":{"title":"Vesta I.B.Difuzion - OriginalMag.ro","robots":{"index":"index","follow":"follow","max-snippet":"max-snippet:-1","max-image-preview":"max-image-preview:large","max-video-preview":"max-video-preview:-1"},"canonical":"https:\/\/originalmag.ro\/?product=vesta-i-b-difuzion","og_locale":"ro_RO","og_type":"article","og_title":"Vesta I.B.Difuzion - OriginalMag.ro","og_description":"Vesta este una casual-elegant\u0103, cu un design delicat \u0219i feminin. Are o culoare crem deschis spre galben (un galben spalacit),","og_url":"https:\/\/originalmag.ro\/?product=vesta-i-b-difuzion","og_site_name":"OriginalMag.ro","og_image":[{"width":1024,"height":1536,"url":"https:\/\/originalmag.ro\/wp-content\/uploads\/2026\/01\/vesta-2.jpeg","type":"image\/jpeg"}],"twitter_card":"summary_large_image","twitter_misc":{"Timp estimat pentru citire":"1 minut"},"schema":{"@context":"https:\/\/schema.org","@graph":[{"@type":"WebPage","@id":"https:\/\/originalmag.ro\/?product=vesta-i-b-difuzion","url":"https:\/\/originalmag.ro\/?product=vesta-i-b-difuzion","name":"Vesta I.B.Difuzion - OriginalMag.ro","isPartOf":{"@id":"https:\/\/originalmag.ro\/#website"},"primaryImageOfPage":{"@id":"https:\/\/originalmag.ro\/?product=vesta-i-b-difuzion#primaryimage"},"image":{"@id":"https:\/\/originalmag.ro\/?product=vesta-i-b-difuzion#primaryimage"},"thumbnailUrl":"https:\/\/originalmag.ro\/wp-content\/uploads\/2026\/01\/vesta-2.jpeg","datePublished":"2026-01-14T15:09:04+00:00","breadcrumb":{"@id":"https:\/\/originalmag.ro\/?product=vesta-i-b-difuzion#breadcrumb"},"inLanguage":"ro-RO","potentialAction":[{"@type":"ReadAction","target":["https:\/\/originalmag.ro\/?product=vesta-i-b-difuzion"]}]},{"@type":"ImageObject","inLanguage":"ro-RO","@id":"https:\/\/originalmag.ro\/?product=vesta-i-b-difuzion#primaryimage","url":"https:\/\/originalmag.ro\/wp-content\/uploads\/2026\/01\/vesta-2.jpeg","contentUrl":"https:\/\/originalmag.ro\/wp-content\/uploads\/2026\/01\/vesta-2.jpeg","width":1024,"height":1536},{"@type":"BreadcrumbList","@id":"https:\/\/originalmag.ro\/?product=vesta-i-b-difuzion#breadcrumb","itemListElement":[{"@type":"ListItem","position":1,"name":"Prima pagin\u0103","item":"https:\/\/originalmag.ro\/"},{"@type":"ListItem","position":2,"name":"Magazin","item":"https:\/\/originalmag.ro\/?page_id=1419"},{"@type":"ListItem","position":3,"name":"Vesta I.B.Difuzion"}]},{"@type":"WebSite","@id":"https:\/\/originalmag.ro\/#website","url":"https:\/\/originalmag.ro\/","name":"OriginalMag.ro","description":"SECOND HAND ONLINE","potentialAction":[{"@type":"SearchAction","target":{"@type":"EntryPoint","urlTemplate":"https:\/\/originalmag.ro\/?s={search_term_string}"},"query-input":{"@type":"PropertyValueSpecification","valueRequired":true,"valueName":"search_term_string"}}],"inLanguage":"ro-RO"}]}},"jetpack_sharing_enabled":true,"_links":{"self":[{"href":"https:\/\/originalmag.ro\/index.php?rest_route=\/wp\/v2\/product\/1912","targetHints":{"allow":["GET"]}}],"collection":[{"href":"https:\/\/originalmag.ro\/index.php?rest_route=\/wp\/v2\/product"}],"about":[{"href":"https:\/\/originalmag.ro\/index.php?rest_route=\/wp\/v2\/types\/product"}],"replies":[{"embeddable":true,"href":"https:\/\/originalmag.ro\/index.php?rest_route=%2Fwp%2Fv2%2Fcomments&post=1912"}],"version-history":[{"count":1,"href":"https:\/\/originalmag.ro\/index.php?rest_route=\/wp\/v2\/product\/1912\/revisions"}],"predecessor-version":[{"id":1919,"href":"https:\/\/originalmag.ro\/index.php?rest_route=\/wp\/v2\/product\/1912\/revisions\/1919"}],"wp:featuredmedia":[{"embeddable":true,"href":"https:\/\/originalmag.ro\/index.php?rest_route=\/wp\/v2\/media\/1913"}],"wp:attachment":[{"href":"https:\/\/originalmag.ro\/index.php?rest_route=%2Fwp%2Fv2%2Fmedia&parent=1912"}],"wp:term":[{"taxonomy":"product_brand","embeddable":true,"href":"https:\/\/originalmag.ro\/index.php?rest_route=%2Fwp%2Fv2%2Fproduct_brand&post=1912"},{"taxonomy":"product_cat","embeddable":true,"href":"https:\/\/originalmag.ro\/index.php?rest_route=%2Fwp%2Fv2%2Fproduct_cat&post=1912"},{"taxonomy":"product_tag","embeddable":true,"href":"https:\/\/originalmag.ro\/index.php?rest_route=%2Fwp%2Fv2%2Fproduct_tag&post=1912"}],"curies":[{"name":"wp","href":"https:\/\/api.w.org\/{rel}","templated":true}]}}