{"id":1605,"date":"2026-01-12T17:42:59","date_gmt":"2026-01-12T17:42:59","guid":{"rendered":"https:\/\/originalmag.ro\/?page_id=1605"},"modified":"2026-01-12T17:43:48","modified_gmt":"2026-01-12T17:43:48","slug":"livrare-si-retur","status":"publish","type":"page","link":"https:\/\/originalmag.ro\/?page_id=1605","title":{"rendered":"Livrare si Retur&#8230;."},"content":{"rendered":"\n<h1 class=\"wp-block-heading\"><\/h1>\n\n\n\n<p><strong>Cum pl\u0103tesc \u0219i cum se face livrarea?<\/strong><\/p>\n\n\n\n<p>Pentru produsele achizi\u021bionate de pe\u00a0<a href=\"https:\/\/orsi.ro\/\" target=\"_blank\" rel=\"noreferrer noopener\">www.o<\/a>riginalmag.ro\u00a0ai la dispozi\u021bie urm\u0103toarele modalit\u0103\u021bi de plat\u0103:<br>\u2013 plata cu cardul prin partenerii nostri EUplatesc.eu<\/p>\n\n\n\n<p><br>Livrare cu Easybox:  19 lei;<\/p>\n\n\n\n<p>Livrare prin FAN BOX  18 lei<\/p>\n\n\n\n<p>Livrare prin DPD 25 lei<\/p>\n\n\n\n<p>Livrare prin CARGUS 25 lei <\/p>\n\n\n\n<p>Ridicare personala  din magazin  0 lei <\/p>\n\n\n\n<p>Livrarea produselor care sunt \u00een stoc se efectueaz\u0103 \u00een 2 zile lucr\u0103toare.<\/p>\n\n\n\n<p><strong>Metode de livrare&nbsp;<\/strong><\/p>\n\n\n\n<p>Livrarea prin curierat rapid sau prin pos\u0219\u0103. Coletul va merge la adresa men\u021bionat\u0103 \u00een comand\u0103 \u0219i va fi \u00eenmanat personal destinatarului de c\u0103tre curier.<\/p>\n\n\n\n<p>Pe colet vor fi trecute datele tale de contact, necesare \u00een cazul \u00een care curierul nu poate ajunge u\u0219or la destina\u021bia men\u021bionat\u0103. Este a\u0219adar important s\u0103 ne comunici, \u00een formularul de comand\u0103, un num\u0103r de telefon la care curierul s\u0103 te poat\u0103 contacta \u00een caz de necesitate.<\/p>\n\n\n\n<p>Intervalul de livrare este afi\u0219at at\u00e2t \u00een pagina de prezentare a fiec\u0103rui produs, c\u00e2t \u0219i \u00een pagina de finalizare a comenzii, co\u0219ul de cump\u0103r\u0103turi.<\/p>\n\n\n\n<p>De asemenea, \u00een urma finaliz\u0103rii comenzii se va trimite un mesaj de confirmare pe adresa de e-mail indicat\u0103 unde ve\u021bi putea verifica data estimat\u0103 de livrare.<\/p>\n\n\n\n<p><strong>Care sunt taxele de livrare?<\/strong><\/p>\n\n\n\n<p>Valorile afi\u0219ate includ TVA. Aceast\u0103 tax\u0103 de livrare se va ad\u0103uga la valoarea comenzii, astfel \u00eenc\u00e2t pre\u021bul achitat la curier pentru a intra \u00een posesia pachetului va reprezenta costul comenzii, plus taxele de livrare.<\/p>\n\n\n\n<p><strong>Cum pot returna un produs\/ o comanda?&nbsp;<\/strong><\/p>\n\n\n\n<p>Ai la dispozi\u021bie 14 de zile calendaristice pentru a solicita returul produselor. Se trimite un mail pt solicitarea returului la adresa de mail:<a href=\"mailto:office@orsi.ro\" target=\"_blank\" rel=\"noreferrer noopener\">office@orsi.ro<\/a><\/p>\n\n\n\n<p>Pentru orice problem\u0103 \u00eent\u00e2mpinat\u0103, nu ezita s\u0103 ne contactezi prin email (&nbsp;<a href=\"mailto:office@orsi.ro\" target=\"_blank\" rel=\"noreferrer noopener\">office@orsi.ro<\/a>)<\/p>\n\n\n\n<p><strong>\u00cen ce condi\u021bii pot returna produsele?<\/strong><\/p>\n\n\n\n<p>Pentru a ne asigura c\u0103 fiecare comand\u0103 este procesat\u0103 rapid \u0219i eficient, v\u0103 rug\u0103m s\u0103 plasa\u021bi comenzi doar pentru produsele pe care le dori\u021bi cu siguran\u021b\u0103. \u00cen cazul \u00een care totu\u0219i este necesar un retur, v\u0103 inform\u0103m urm\u0103toarele:<\/p>\n\n\n\n<p>1.Returul se face exclusiv prin curier, indiferent de metoda de livrare aleas\u0103 ini\u021bial pentru cump\u0103rarea produselor.<\/p>\n\n\n\n<p>2.Costul proces\u0103rii returului este de 25 RON, sum\u0103 care va fi dedus\u0103 din valoarea produsului returnat.<\/p>\n\n\n\n<p>3.Curierul pentru ridicarea returului va fi trimis de noi, pentru a simplifica procesul.<\/p>\n\n\n\n<p>Conform legisla\u021biei \u00een vigoare, ave\u021bi dreptul de a returna produsele \u00een termen de 14 zile calendaristice de la data la care a\u021bi intrat \u00een posesia fizic\u0103 a acestora.<\/p>\n\n\n\n<p>Pentru detalii suplimentare sau \u00eentreb\u0103ri, v\u0103 rug\u0103m s\u0103 ne contacta\u021bi \u00eenainte de a ini\u021bia returul.<\/p>\n\n\n\n<p>V\u0103 mul\u021bumim pentru \u00een\u021belegere \u0219i pentru sprijinul acordat \u00een men\u021binerea unui proces de lucru eficient \u0219i corect!<\/p>\n\n\n\n<p><strong>Produsele returnate trebuie s\u0103 fie \u00een aceea\u0219i condi\u021bie ca la primire: f\u0103r\u0103 deterior\u0103ri, f\u0103r\u0103 defecte. Plata transportului pentru retur se suport\u0103 de c\u0103tre client iar returul se face doar prin curier.<\/strong><\/p>\n\n\n\n<p>Conform art. 10 lit. c din O.G. 130\/2000\u00a0<a href=\"https:\/\/orsi.ro\/\" target=\"_blank\" rel=\"noreferrer noopener\">originalmag.ro<\/a>\u00a0\u00ee\u0219i rezerv\u0103 dreptul de a nu accepta returnarea produselor care nu mai sunt conforme datorit\u0103 urmelor mecanice.<\/p>\n\n\n\n<p><\/p>\n","protected":false},"excerpt":{"rendered":"<p>Cum pl\u0103tesc \u0219i cum se face livrarea? Pentru produsele achizi\u021bionate de pe\u00a0www.originalmag.ro\u00a0ai la dispozi\u021bie urm\u0103toarele modalit\u0103\u021bi de plat\u0103:\u2013 plata cu<\/p>\n","protected":false},"author":1,"featured_media":0,"parent":0,"menu_order":0,"comment_status":"closed","ping_status":"closed","template":"","meta":{"footnotes":""},"class_list":["post-1605","page","type-page","status-publish","hentry"],"yoast_head":"<!-- This site is optimized with the Yoast SEO plugin v27.0 - https:\/\/yoast.com\/product\/yoast-seo-wordpress\/ -->\n<title>Livrare si Retur.... - OriginalMag.ro<\/title>\n<meta name=\"robots\" content=\"index, follow, max-snippet:-1, max-image-preview:large, max-video-preview:-1\" \/>\n<link rel=\"canonical\" href=\"https:\/\/originalmag.ro\/?page_id=1605\" \/>\n<meta property=\"og:locale\" content=\"ro_RO\" \/>\n<meta property=\"og:type\" content=\"article\" \/>\n<meta property=\"og:title\" content=\"Livrare si Retur.... - OriginalMag.ro\" \/>\n<meta property=\"og:description\" content=\"Cum pl\u0103tesc \u0219i cum se face livrarea? Pentru produsele achizi\u021bionate de pe\u00a0www.originalmag.ro\u00a0ai la dispozi\u021bie urm\u0103toarele modalit\u0103\u021bi de plat\u0103:\u2013 plata cu\" \/>\n<meta property=\"og:url\" content=\"https:\/\/originalmag.ro\/?page_id=1605\" \/>\n<meta property=\"og:site_name\" content=\"OriginalMag.ro\" \/>\n<meta property=\"article:modified_time\" content=\"2026-01-12T17:43:48+00:00\" \/>\n<meta name=\"twitter:card\" content=\"summary_large_image\" \/>\n<meta name=\"twitter:label1\" content=\"Timp estimat pentru citire\" \/>\n\t<meta name=\"twitter:data1\" content=\"3 minute\" \/>\n<script type=\"application\/ld+json\" class=\"yoast-schema-graph\">{\"@context\":\"https:\/\/schema.org\",\"@graph\":[{\"@type\":\"WebPage\",\"@id\":\"https:\/\/originalmag.ro\/?page_id=1605\",\"url\":\"https:\/\/originalmag.ro\/?page_id=1605\",\"name\":\"Livrare si Retur.... - OriginalMag.ro\",\"isPartOf\":{\"@id\":\"https:\/\/originalmag.ro\/#website\"},\"datePublished\":\"2026-01-12T17:42:59+00:00\",\"dateModified\":\"2026-01-12T17:43:48+00:00\",\"breadcrumb\":{\"@id\":\"https:\/\/originalmag.ro\/?page_id=1605#breadcrumb\"},\"inLanguage\":\"ro-RO\",\"potentialAction\":[{\"@type\":\"ReadAction\",\"target\":[\"https:\/\/originalmag.ro\/?page_id=1605\"]}]},{\"@type\":\"BreadcrumbList\",\"@id\":\"https:\/\/originalmag.ro\/?page_id=1605#breadcrumb\",\"itemListElement\":[{\"@type\":\"ListItem\",\"position\":1,\"name\":\"Prima pagin\u0103\",\"item\":\"https:\/\/originalmag.ro\/\"},{\"@type\":\"ListItem\",\"position\":2,\"name\":\"Livrare si Retur&#8230;.\"}]},{\"@type\":\"WebSite\",\"@id\":\"https:\/\/originalmag.ro\/#website\",\"url\":\"https:\/\/originalmag.ro\/\",\"name\":\"OriginalMag.ro\",\"description\":\"SECOND HAND ONLINE\",\"potentialAction\":[{\"@type\":\"SearchAction\",\"target\":{\"@type\":\"EntryPoint\",\"urlTemplate\":\"https:\/\/originalmag.ro\/?s={search_term_string}\"},\"query-input\":{\"@type\":\"PropertyValueSpecification\",\"valueRequired\":true,\"valueName\":\"search_term_string\"}}],\"inLanguage\":\"ro-RO\"}]}<\/script>\n<!-- \/ Yoast SEO plugin. -->","yoast_head_json":{"title":"Livrare si Retur.... - OriginalMag.ro","robots":{"index":"index","follow":"follow","max-snippet":"max-snippet:-1","max-image-preview":"max-image-preview:large","max-video-preview":"max-video-preview:-1"},"canonical":"https:\/\/originalmag.ro\/?page_id=1605","og_locale":"ro_RO","og_type":"article","og_title":"Livrare si Retur.... - OriginalMag.ro","og_description":"Cum pl\u0103tesc \u0219i cum se face livrarea? Pentru produsele achizi\u021bionate de pe\u00a0www.originalmag.ro\u00a0ai la dispozi\u021bie urm\u0103toarele modalit\u0103\u021bi de plat\u0103:\u2013 plata cu","og_url":"https:\/\/originalmag.ro\/?page_id=1605","og_site_name":"OriginalMag.ro","article_modified_time":"2026-01-12T17:43:48+00:00","twitter_card":"summary_large_image","twitter_misc":{"Timp estimat pentru citire":"3 minute"},"schema":{"@context":"https:\/\/schema.org","@graph":[{"@type":"WebPage","@id":"https:\/\/originalmag.ro\/?page_id=1605","url":"https:\/\/originalmag.ro\/?page_id=1605","name":"Livrare si Retur.... - OriginalMag.ro","isPartOf":{"@id":"https:\/\/originalmag.ro\/#website"},"datePublished":"2026-01-12T17:42:59+00:00","dateModified":"2026-01-12T17:43:48+00:00","breadcrumb":{"@id":"https:\/\/originalmag.ro\/?page_id=1605#breadcrumb"},"inLanguage":"ro-RO","potentialAction":[{"@type":"ReadAction","target":["https:\/\/originalmag.ro\/?page_id=1605"]}]},{"@type":"BreadcrumbList","@id":"https:\/\/originalmag.ro\/?page_id=1605#breadcrumb","itemListElement":[{"@type":"ListItem","position":1,"name":"Prima pagin\u0103","item":"https:\/\/originalmag.ro\/"},{"@type":"ListItem","position":2,"name":"Livrare si Retur&#8230;."}]},{"@type":"WebSite","@id":"https:\/\/originalmag.ro\/#website","url":"https:\/\/originalmag.ro\/","name":"OriginalMag.ro","description":"SECOND HAND ONLINE","potentialAction":[{"@type":"SearchAction","target":{"@type":"EntryPoint","urlTemplate":"https:\/\/originalmag.ro\/?s={search_term_string}"},"query-input":{"@type":"PropertyValueSpecification","valueRequired":true,"valueName":"search_term_string"}}],"inLanguage":"ro-RO"}]}},"jetpack_sharing_enabled":true,"_links":{"self":[{"href":"https:\/\/originalmag.ro\/index.php?rest_route=\/wp\/v2\/pages\/1605","targetHints":{"allow":["GET"]}}],"collection":[{"href":"https:\/\/originalmag.ro\/index.php?rest_route=\/wp\/v2\/pages"}],"about":[{"href":"https:\/\/originalmag.ro\/index.php?rest_route=\/wp\/v2\/types\/page"}],"author":[{"embeddable":true,"href":"https:\/\/originalmag.ro\/index.php?rest_route=\/wp\/v2\/users\/1"}],"replies":[{"embeddable":true,"href":"https:\/\/originalmag.ro\/index.php?rest_route=%2Fwp%2Fv2%2Fcomments&post=1605"}],"version-history":[{"count":2,"href":"https:\/\/originalmag.ro\/index.php?rest_route=\/wp\/v2\/pages\/1605\/revisions"}],"predecessor-version":[{"id":1607,"href":"https:\/\/originalmag.ro\/index.php?rest_route=\/wp\/v2\/pages\/1605\/revisions\/1607"}],"wp:attachment":[{"href":"https:\/\/originalmag.ro\/index.php?rest_route=%2Fwp%2Fv2%2Fmedia&parent=1605"}],"curies":[{"name":"wp","href":"https:\/\/api.w.org\/{rel}","templated":true}]}}