{"id":1595,"date":"2026-01-12T17:03:22","date_gmt":"2026-01-12T17:03:22","guid":{"rendered":"https:\/\/originalmag.ro\/?page_id=1595"},"modified":"2026-01-12T17:23:04","modified_gmt":"2026-01-12T17:23:04","slug":"politica-cookies","status":"publish","type":"page","link":"https:\/\/originalmag.ro\/?page_id=1595","title":{"rendered":"Politica Cookies.."},"content":{"rendered":"\n<p>Cookie-urile<\/p>\n\n\n\n<p>Pentru a asigura buna func\u021bionare a acestui site, uneori plas\u0103m \u00een computerul dumneavoastr\u0103 mici fi\u0219iere cu date, cunoscute sub numele de cookie-uri. Majoritatea site-urilor fac acest lucru.<\/p>\n\n\n\n<p><strong>1. Ce se \u00een\u021belege prin cookie-uri?<\/strong><br>Cookie-ul este un fi\u015fier text de mici dimensiuni pe care un site \u00eel salveaz\u0103 \u00een calculatorul sau dispozitivul dumneavoastr\u0103 mobil atunci c\u00e2nd \u00eel vizita\u0163i. Datorit\u0103 cookie-urilor, site-ul re\u0163ine, pe o perioad\u0103 de timp, ac\u0163iunile \u015fi preferin\u0163ele dumneavoastr\u0103 (login, limb\u0103, dimensiunea caracterelor \u015fi alte preferin\u0163e de afi\u015fare), \u00een general v\u0103 \u00eembun\u0103t\u0103\u0163e\u015fte utilizarea paginii web \u015fi ne ajut\u0103 s\u0103 v\u0103 oferim cele mai potrivite produse \u015fi servicii.<\/p>\n\n\n\n<p><strong>2. Cine colecteaza \u015fi utilizeaz\u0103 cookie-urile ?<\/strong><br>Datele colectate prin cookies sunt colectate de c\u0103tre  PUB EXPRESS S.R.L. cu sediul pe Str Principal\u0103, 456 Sat Heci Com. Lespezi<br><strong>3. Scopurile utiliz\u0103rii cookie-urilor pe site-ul www.<\/strong>originalmag.ro<br>originalmag.ro, folose\u015fte cookie-urile \u00een urm\u0103toarele scopuri:<br>\u2013 pentru a re\u021bine func\u0163ii\/servicii ale utilizatorului;<br>\u2013 pentru generarea de date statistice anonime despre cum este folosit site-ul de c\u0103tre utilizator<br>\u2013 pentru a asigura buna func\u021bionare a site-ului;<\/p>\n\n\n\n<p><strong>4. Ce tipuri de cookie-uri folosim pe acest site web?<\/strong><br>Acest website folose\u0219te cookie-uri proprii \u015fi de la ter\u021bi \u00een scopul \u00eembun\u0103t\u0103\u0163irii experin\u0163ei pe care vizitatorii o au \u00een utilizarea site-ului.<\/p>\n\n\n\n<p>\u00cen func\u0163ie de durata cookie-ului, site-ul nostru utilizeaz\u0103:<\/p>\n\n\n\n<p><strong>Cookie-uri de sesiune<\/strong>&nbsp;\u2013 \u00eenregistreaz\u0103 ac\u021biunile dvs. \u00eentr-o singur\u0103 sesiune de navigare. La momentul \u00eenchiderii sesiunii sau a browserului, cookie-urile sunt \u0219terse.<\/p>\n\n\n\n<p><strong>Cookie-uri permanente<\/strong>&nbsp;\u2013 sunt cele care r\u0103m\u00e2n pe dispozitivul dvs. \u0219i nu sunt \u0219terse atunci c\u00e2nd sesiunea de navigare este \u00eenchis\u0103, ele fiind activate automat atunci c\u00e2nd vizita\u021bi din nou un anumit site. Aceste cookie-uri r\u0103m\u00e2n pe dispozitiv p\u00e2n\u0103 c\u00e2nd le veti \u0219terge manual (c\u00e2t timp r\u0103m\u00e2ne cookie-ul pe dispozitivul dvs. va depinde de durata de via\u021b\u0103 a cookie-ului specific, precum \u0219i de set\u0103rile browserului).<\/p>\n\n\n\n<p>Cookie-uri necesare contribuie la func\u021bionarea site-ului, permi\u021b\u00e2nd func\u021bii de baz\u0103 cum ar fi navigarea \u0219i accesul la zonele securizate ale site-ului web. Site-ul web nu poate func\u021biona corect f\u0103r\u0103 aceste cookie-uri.<\/p>\n\n\n\n<p><strong>Cookies func\u021bionale<\/strong><\/p>\n\n\n\n<p>Aceste module cookie permit site-urilor noastre s\u0103-\u0219i aminteasc\u0103 alegerile pe care le face\u021bi (cum ar fi numele dvs. de utilizator, limba sau regiunea \u00een care v\u0103 afla\u021bi) pentru a oferi o experien\u021b\u0103 online mai personalizat\u0103. Aceste module cookie pot fi, de asemenea, folosite pentru a v\u0103 aminti modific\u0103rile aduse dimensiunii textului, fonturilor \u0219i altor p\u0103r\u021bi ale paginilor web pe care le pute\u021bi personaliza. \u00cen mod similar, ele pot fi utilizate pentru a urm\u0103ri ce produse sau videoclipuri vizionati pentru a evita repetarea \u0219i pentru a v\u0103 permite s\u0103 accesati platforme sociale.<\/p>\n\n\n\n<p>Aceste cookie-uri colecteaz\u0103 date personale \/ m\u0103 identific\u0103? Informa\u021biile pe care aceste cookie-uri le colecteaz\u0103 pot include datele personale pe care le-a\u021bi dezv\u0103luit. Dac\u0103 nu accepta\u021bi aceste module cookie, aceasta poate afecta performan\u021ba \u0219i func\u021bionalitatea site-ului web \u0219i poate restric\u021biona accesul la con\u021binut de pe site.<\/p>\n\n\n\n<p><strong>Cookie-uri de performan\u021b\u0103<\/strong><\/p>\n\n\n\n<p>Aceste cookie-uri colecteaz\u0103 informa\u021bii despre modul \u00een care utiliza\u021bi site-urile noastre, de exemplu, care dintre paginile dvs. acceseaz\u0103 cel mai adesea, timpul petrecut pe site-urile noastre \u0219i orice probleme \u00eent\u00e2lnite, cum ar fi mesajele de eroare. Aceste cookie-uri sunt, de asemenea, utilizate pentru a permite afilia\u021bilor s\u0103 \u0219tie dac\u0103 ati accesat unul dintre site-urile noastre de la un afiliat \u0219i dac\u0103 vizita dvs. a dus la utilizarea sau achizi\u021bionarea unui produs sau serviciu de la noi, inclusiv detalii despre produsul sau serviciul achizi\u021bionat. Acest lucru ne ajut\u0103 s\u0103 \u00eembun\u0103t\u0103\u021bim performan\u021ba site-urilor noastre web.<\/p>\n\n\n\n<p>Aceste cookie-uri nu v\u0103 identific\u0103 ca persoan\u0103 fizic\u0103. Toate informa\u021biile pe care le colecteaz\u0103 aceste cookie-uri sunt agregate \u0219i, prin urmare, anonime. Acesta este folosit numai pentru a \u00eembun\u0103t\u0103\u021bi modul \u00een care un site web func\u021bioneaz\u0103.<\/p>\n\n\n\n<p>Cookie-uri de statistic\u0103 ajut\u0103 originalmag.ro s\u0103 \u00een\u021beleag\u0103 modul \u00een care dvs. interac\u021biona\u021bi cu site-ul web, de exemplu ce pagini sunt accesate cel mai des sau dac\u0103 \u00eent\u00e2mpina\u021bi erori de navigare pe anumite pagini. Aceste tipuri de cookie-uri ne ajut\u0103 s\u0103 \u00eembun\u0103t\u0103\u021bim experien\u021ba de navigare pe site-ul nostru (de exemplu pentru a putea afi\u0219a cea mai potrivit\u0103 versiune de site \u00een fun\u021bie de dispozitivul folosit: mobil, desktop, tablet\u0103) \u0219i nu prelucreaz\u0103 date personale care pot identifica utilizatorul.<\/p>\n\n\n\n<p><strong>Cookies publicitare<\/strong><\/p>\n\n\n\n<p>Aceste module cookie sunt utilizate pentru a furniza con\u021binut mai relevant pentru dvs. \u0219i interesele dvs. Ele sunt, de asemenea, folosite pentru a re\u021bine vizita pe site, paginile accesate, pentru a observa articolele citite \u00een scopul de a cre\u0219te nivelul de relevan\u021b\u0103 al reclamelor publicate pe site-ul nostru, pentru a v\u0103 oferi publicitate orientat\u0103 precum \u0219i pentru a m\u0103sura eficien\u021ba campaniilor publicitare pe siteul originalmag.ro \u00ce\u0219i aminte\u0219te c\u0103 a\u021bi vizitat unul dintre site-urile noastre \u0219i c\u0103 aceste informa\u021bii sunt distribuite altor p\u0103r\u021bi, inclusiv agen\u021bilor de publicitate. Aceste cookie-uri pot fi, de asemenealegate de func\u021bionalitatea site-ului furnizat\u0103 de ter\u021be p\u0103r\u021bi.<\/p>\n\n\n\n<p><strong>Cookie-uri ter\u0163e p\u0103r\u0163i<\/strong><\/p>\n\n\n\n<p>Utiliz\u0103m un num\u0103r de parteneri care pot seta cookie-uri pe dispozitivul dvs. \u00een numele nostru atunci c\u00e2nd vizita\u021bi site-urile noastre pentru a le permite s\u0103 difuzeze publicitatea personalizat\u0103 a originalmag.ro \u00een domeniile lor: Facebook \u0219i Google Display Network. Informa\u021biile pe care aceste cookie-uri le colecteaz\u0103 pot include date personale.<\/p>\n\n\n\n<p><strong>5. Cum pute\u0163i controla \u015fi sterge cookie-urile?<\/strong><br>Exist\u0103 mai multe moduri de a gestiona cookie-urile:<br>Pute\u021bi dezactiva cookie-urile originalmag.ro sau modulele cookie ter\u021b\u0103 parte prin utilizarea set\u0103rilor browserului dvs.<br>Pute\u021bi \u0219terge toate cookie-urile de pe dispozitivul dumneavoastr\u0103 \u0219i pute\u021bi seta majoritatea browserelor s\u0103 blocheze plasarea acestora<br>Pute\u0163i controla \u015fi\/sau \u015fterge cookie-urile dup\u0103 cum dori\u0163i \u2013 pentru detalii, consulta\u0163i site-ul aboutcookies.org.<br>Dac\u0103 face\u0163i acest lucru, este posibil s\u0103 fi\u0163i nevoit s\u0103 seta\u0163i manual unele preferin\u0163e, de fiecare dat\u0103 c\u00e2nd vizita\u0163i site-ul. De asemenea, s-ar putea ca unele servicii sau op\u0163iuni s\u0103 nu func\u0163ioneze.<\/p>\n\n\n\n<p><\/p>\n","protected":false},"excerpt":{"rendered":"<p>Cookie-urile Pentru a asigura buna func\u021bionare a acestui site, uneori plas\u0103m \u00een computerul dumneavoastr\u0103 mici fi\u0219iere cu date, cunoscute sub<\/p>\n","protected":false},"author":1,"featured_media":0,"parent":0,"menu_order":0,"comment_status":"closed","ping_status":"closed","template":"","meta":{"footnotes":""},"class_list":["post-1595","page","type-page","status-publish","hentry"],"yoast_head":"<!-- This site is optimized with the Yoast SEO plugin v27.0 - https:\/\/yoast.com\/product\/yoast-seo-wordpress\/ -->\n<title>Politica Cookies.. - OriginalMag.ro<\/title>\n<meta name=\"robots\" content=\"index, follow, max-snippet:-1, max-image-preview:large, max-video-preview:-1\" \/>\n<link rel=\"canonical\" href=\"https:\/\/originalmag.ro\/?page_id=1595\" \/>\n<meta property=\"og:locale\" content=\"ro_RO\" \/>\n<meta property=\"og:type\" content=\"article\" \/>\n<meta property=\"og:title\" content=\"Politica Cookies.. - OriginalMag.ro\" \/>\n<meta property=\"og:description\" content=\"Cookie-urile Pentru a asigura buna func\u021bionare a acestui site, uneori plas\u0103m \u00een computerul dumneavoastr\u0103 mici fi\u0219iere cu date, cunoscute sub\" \/>\n<meta property=\"og:url\" content=\"https:\/\/originalmag.ro\/?page_id=1595\" \/>\n<meta property=\"og:site_name\" content=\"OriginalMag.ro\" \/>\n<meta property=\"article:modified_time\" content=\"2026-01-12T17:23:04+00:00\" \/>\n<meta name=\"twitter:card\" content=\"summary_large_image\" \/>\n<meta name=\"twitter:label1\" content=\"Timp estimat pentru citire\" \/>\n\t<meta name=\"twitter:data1\" content=\"5 minute\" \/>\n<script type=\"application\/ld+json\" class=\"yoast-schema-graph\">{\"@context\":\"https:\/\/schema.org\",\"@graph\":[{\"@type\":\"WebPage\",\"@id\":\"https:\/\/originalmag.ro\/?page_id=1595\",\"url\":\"https:\/\/originalmag.ro\/?page_id=1595\",\"name\":\"Politica Cookies.. - OriginalMag.ro\",\"isPartOf\":{\"@id\":\"https:\/\/originalmag.ro\/#website\"},\"datePublished\":\"2026-01-12T17:03:22+00:00\",\"dateModified\":\"2026-01-12T17:23:04+00:00\",\"breadcrumb\":{\"@id\":\"https:\/\/originalmag.ro\/?page_id=1595#breadcrumb\"},\"inLanguage\":\"ro-RO\",\"potentialAction\":[{\"@type\":\"ReadAction\",\"target\":[\"https:\/\/originalmag.ro\/?page_id=1595\"]}]},{\"@type\":\"BreadcrumbList\",\"@id\":\"https:\/\/originalmag.ro\/?page_id=1595#breadcrumb\",\"itemListElement\":[{\"@type\":\"ListItem\",\"position\":1,\"name\":\"Prima pagin\u0103\",\"item\":\"https:\/\/originalmag.ro\/\"},{\"@type\":\"ListItem\",\"position\":2,\"name\":\"Politica Cookies..\"}]},{\"@type\":\"WebSite\",\"@id\":\"https:\/\/originalmag.ro\/#website\",\"url\":\"https:\/\/originalmag.ro\/\",\"name\":\"OriginalMag.ro\",\"description\":\"SECOND HAND ONLINE\",\"potentialAction\":[{\"@type\":\"SearchAction\",\"target\":{\"@type\":\"EntryPoint\",\"urlTemplate\":\"https:\/\/originalmag.ro\/?s={search_term_string}\"},\"query-input\":{\"@type\":\"PropertyValueSpecification\",\"valueRequired\":true,\"valueName\":\"search_term_string\"}}],\"inLanguage\":\"ro-RO\"}]}<\/script>\n<!-- \/ Yoast SEO plugin. -->","yoast_head_json":{"title":"Politica Cookies.. - OriginalMag.ro","robots":{"index":"index","follow":"follow","max-snippet":"max-snippet:-1","max-image-preview":"max-image-preview:large","max-video-preview":"max-video-preview:-1"},"canonical":"https:\/\/originalmag.ro\/?page_id=1595","og_locale":"ro_RO","og_type":"article","og_title":"Politica Cookies.. - OriginalMag.ro","og_description":"Cookie-urile Pentru a asigura buna func\u021bionare a acestui site, uneori plas\u0103m \u00een computerul dumneavoastr\u0103 mici fi\u0219iere cu date, cunoscute sub","og_url":"https:\/\/originalmag.ro\/?page_id=1595","og_site_name":"OriginalMag.ro","article_modified_time":"2026-01-12T17:23:04+00:00","twitter_card":"summary_large_image","twitter_misc":{"Timp estimat pentru citire":"5 minute"},"schema":{"@context":"https:\/\/schema.org","@graph":[{"@type":"WebPage","@id":"https:\/\/originalmag.ro\/?page_id=1595","url":"https:\/\/originalmag.ro\/?page_id=1595","name":"Politica Cookies.. - OriginalMag.ro","isPartOf":{"@id":"https:\/\/originalmag.ro\/#website"},"datePublished":"2026-01-12T17:03:22+00:00","dateModified":"2026-01-12T17:23:04+00:00","breadcrumb":{"@id":"https:\/\/originalmag.ro\/?page_id=1595#breadcrumb"},"inLanguage":"ro-RO","potentialAction":[{"@type":"ReadAction","target":["https:\/\/originalmag.ro\/?page_id=1595"]}]},{"@type":"BreadcrumbList","@id":"https:\/\/originalmag.ro\/?page_id=1595#breadcrumb","itemListElement":[{"@type":"ListItem","position":1,"name":"Prima pagin\u0103","item":"https:\/\/originalmag.ro\/"},{"@type":"ListItem","position":2,"name":"Politica Cookies.."}]},{"@type":"WebSite","@id":"https:\/\/originalmag.ro\/#website","url":"https:\/\/originalmag.ro\/","name":"OriginalMag.ro","description":"SECOND HAND ONLINE","potentialAction":[{"@type":"SearchAction","target":{"@type":"EntryPoint","urlTemplate":"https:\/\/originalmag.ro\/?s={search_term_string}"},"query-input":{"@type":"PropertyValueSpecification","valueRequired":true,"valueName":"search_term_string"}}],"inLanguage":"ro-RO"}]}},"jetpack_sharing_enabled":true,"_links":{"self":[{"href":"https:\/\/originalmag.ro\/index.php?rest_route=\/wp\/v2\/pages\/1595","targetHints":{"allow":["GET"]}}],"collection":[{"href":"https:\/\/originalmag.ro\/index.php?rest_route=\/wp\/v2\/pages"}],"about":[{"href":"https:\/\/originalmag.ro\/index.php?rest_route=\/wp\/v2\/types\/page"}],"author":[{"embeddable":true,"href":"https:\/\/originalmag.ro\/index.php?rest_route=\/wp\/v2\/users\/1"}],"replies":[{"embeddable":true,"href":"https:\/\/originalmag.ro\/index.php?rest_route=%2Fwp%2Fv2%2Fcomments&post=1595"}],"version-history":[{"count":2,"href":"https:\/\/originalmag.ro\/index.php?rest_route=\/wp\/v2\/pages\/1595\/revisions"}],"predecessor-version":[{"id":1603,"href":"https:\/\/originalmag.ro\/index.php?rest_route=\/wp\/v2\/pages\/1595\/revisions\/1603"}],"wp:attachment":[{"href":"https:\/\/originalmag.ro\/index.php?rest_route=%2Fwp%2Fv2%2Fmedia&parent=1595"}],"curies":[{"name":"wp","href":"https:\/\/api.w.org\/{rel}","templated":true}]}}